{"id":240314,"date":"2017-02-04T06:59:22","date_gmt":"2017-02-04T04:59:22","guid":{"rendered":"https:\/\/mykonosports.gr\/studies-projects\/"},"modified":"2022-08-22T16:07:35","modified_gmt":"2022-08-22T14:07:35","slug":"studies-projects","status":"publish","type":"page","link":"https:\/\/mykonosports.gr\/fr\/studies-projects\/","title":{"rendered":"Etudes-Projets"},"content":{"rendered":"<p>Projets \/ Etudes<\/p>\n<p>Depuis 1991, une \u00e9tude a \u00e9t\u00e9 command\u00e9e pour mettre en \u00e9vidence le potentiel de d\u00e9veloppement de Mykonos afin de planifier l&rsquo;infrastructure moderne n\u00e9cessaire, afin qu&rsquo;elle puisse r\u00e9pondre au ph\u00e9nom\u00e8ne changeant et dynamique du tourisme. L&rsquo;objectif de cette politique de d\u00e9veloppement \u00e9tait d&rsquo;assurer le d\u00e9licat \u00e9quilibre entre l&rsquo;exploitation des ressources naturelles et la pr\u00e9servation de l&rsquo;environnement naturel\/cr\u00e9\u00e9 par l&rsquo;homme et de la couleur de l&rsquo;\u00eele.<\/p>\n<p>&nbsp;<\/p>\n<p>PROJETS EN CONSTRUCTION<\/p>\n<ol>\n<li><b>\u00a0 \u00a0 Construction du Nouveau Port dans la Baie de Tourlos par le Minist\u00e8re de l&rsquo;Int\u00e9rieur<\/b><\/li>\n<\/ol>\n<p>DESCRIPTION : Le nouveau port de Mykonos a \u00e9t\u00e9 cr\u00e9\u00e9 pour r\u00e9pondre aux besoins de transport toujours croissants de l&rsquo;\u00eele et constituera, apr\u00e8s son ach\u00e8vement, un projet d&rsquo;infrastructure majeur pour Mykonos.<\/p>\n<p>\u00c9TAPE : Phase III.<\/p>\n<p>&nbsp;<\/p>\n<p><b>\u00a0\u00a0 2.\u00a0 Extension de la zone fonci\u00e8re au nord du vieux port.<\/b><br \/>\n<b><\/b><\/p>\n<p>DESCRIPTIF : Am\u00e9nagement d&rsquo;une \u00eele avec parkings, cr\u00e9ation d&rsquo;un abri de p\u00eache, canal, implantation d&rsquo;une gare voyageurs, \u00e9chelle \u00e0 poissons, b\u00e2timent Mykonos Naval Group, r\u00e9novation d&rsquo;un b\u00e2timent Abattoir en sup\u00e9rette, implantation d&rsquo;un b\u00e2timent d&rsquo;absorption des d\u00e9chets.<\/p>\n<p>ETAPE : Fouilles, Terrassements et Relev\u00e9s Topographiques.<\/p>\n<p>\u00c9TUDES<\/p>\n<p><b>\u00a01.\u00a0 Etude de la construction d&rsquo;un bras transversal pour l&rsquo;amarrage des bateaux \u00e0 la jet\u00e9e sud du vieux port de Mykonos.<\/b><br \/>\n<b><\/b><\/p>\n<p>DESCRIPTIF : Cr\u00e9ation d&rsquo;un nouveau bras transversal parall\u00e8le \u00e0 celui existant d&rsquo;Ag. Nikolaou, pour l&rsquo;amarrage des bateaux de p\u00eache et de plaisance, qui offrira des positions fixes pour l&rsquo;arri\u00e8re\/amarrage d&rsquo;un nombre important de bateaux, utilisation de la fa\u00e7ade nord du bras existant, mise \u00e0 disposition de postes d&rsquo;amarrage pour l&rsquo;approche des bateaux de jour effectuant excursions \u00e0 D\u00e9los, am\u00e9lioration des conditions de travail des p\u00eacheurs .<\/p>\n<p>\u00c9TAPE : L&rsquo;\u00e9tude finale, les documents d&rsquo;appel d&rsquo;offres sont termin\u00e9s, elle est en phase d&rsquo;\u00e9tude d&rsquo;impact environnemental pour l&rsquo;ensemble du vieux port de Mykonos.<\/p>\n<p><b>\u00a0 2.\u00a0 Optimisation de l&rsquo;utilisation des installations portuaires du Vieux-Port de Mykonos.<\/b><br \/>\n<b><\/b><\/p>\n<p>DESCRIPTION\u00a0: \u00c9tude examinant les conditions dans lesquelles il sera possible de r\u00e9utiliser le Vieux-Port de Mykonos pour les yachts, en combinaison avec la formulation d&rsquo;un plan de gestion plus g\u00e9n\u00e9ral de l&rsquo;infrastructure portuaire existante avec des crit\u00e8res technico-\u00e9conomiques au profit du tourisme de l&rsquo;\u00eele. Inclus est l&rsquo;identification des travaux et installations suppl\u00e9mentaires n\u00e9cessaires et d\u00e9crits \u00e0 un stade pr\u00e9liminaire.<\/p>\n<p>\u00c9TAPE : Pr\u00e9-\u00e9tude.<\/p>\n<p>3.\u00a0 Construction de la place Karaoli et Dimitriou.<\/p>\n<p>DESCRIPTIF : \u00c9tude de conception de la place Karaoli &amp; Dimitriou et r\u00e9am\u00e9nagement de la zone \u00e9largie dans le but d&rsquo;unifier les abords de la Mairie avec le b\u00e2timent Mavrou.<\/p>\n<p>\u00c9TAPE : Pr\u00e9-\u00e9tude.<\/p>\n<p>4.\u00a0\u00a0\u00a0 Etude d&rsquo;une installation portuaire de d\u00e9chargement de granulats dans le port de Lulou.<br \/>\n<b><\/b><\/p>\n<p>DESCRIPTION : Cinq alternatives pour le d\u00e9chargement des granulats au port de Loulou avec une description comparative des avantages et des inconv\u00e9nients et un budget indicatif du projet.<\/p>\n<p>\u00c9TAPE : Pr\u00e9-\u00e9tude.<\/p>\n<p>&nbsp;<\/p>\n","protected":false},"excerpt":{"rendered":"<p>Projets \/ Etudes Depuis 1991, une \u00e9tude a \u00e9t\u00e9 command\u00e9e pour mettre en \u00e9vidence le potentiel de d\u00e9veloppement de Mykonos afin de planifier l&rsquo;infrastructure moderne n\u00e9cessaire, afin qu&rsquo;elle puisse r\u00e9pondre&hellip;<\/p>\n","protected":false},"author":1,"featured_media":0,"parent":0,"menu_order":0,"comment_status":"closed","ping_status":"closed","template":"","meta":{"footnotes":""},"class_list":["post-240314","page","type-page","status-publish","hentry"],"yoast_head":"<!-- This site is optimized with the Yoast SEO plugin v27.3 - https:\/\/yoast.com\/product\/yoast-seo-wordpress\/ -->\n<title>Etudes-Projets - \u0394\u03b7\u03bc\u03bf\u03c4\u03b9\u03ba\u03cc \u039b\u03b9\u03bc\u03b5\u03bd\u03b9\u03ba\u03cc \u03a4\u03b1\u03bc\u03b5\u03af\u03bf \u039c\u03c5\u03ba\u03cc\u03bd\u03bf\u03c5<\/title>\n<meta name=\"robots\" content=\"index, follow, max-snippet:-1, max-image-preview:large, max-video-preview:-1\" \/>\n<link rel=\"canonical\" href=\"https:\/\/mykonosports.gr\/fr\/studies-projects\/\" \/>\n<meta property=\"og:locale\" content=\"fr_FR\" \/>\n<meta property=\"og:type\" content=\"article\" \/>\n<meta property=\"og:title\" content=\"Etudes-Projets - \u0394\u03b7\u03bc\u03bf\u03c4\u03b9\u03ba\u03cc \u039b\u03b9\u03bc\u03b5\u03bd\u03b9\u03ba\u03cc \u03a4\u03b1\u03bc\u03b5\u03af\u03bf \u039c\u03c5\u03ba\u03cc\u03bd\u03bf\u03c5\" \/>\n<meta property=\"og:description\" content=\"Projets \/ Etudes Depuis 1991, une \u00e9tude a \u00e9t\u00e9 command\u00e9e pour mettre en \u00e9vidence le potentiel de d\u00e9veloppement de Mykonos afin de planifier l&rsquo;infrastructure moderne n\u00e9cessaire, afin qu&rsquo;elle puisse r\u00e9pondre&hellip;\" \/>\n<meta property=\"og:url\" content=\"https:\/\/mykonosports.gr\/fr\/studies-projects\/\" \/>\n<meta property=\"og:site_name\" content=\"\u0394\u03b7\u03bc\u03bf\u03c4\u03b9\u03ba\u03cc \u039b\u03b9\u03bc\u03b5\u03bd\u03b9\u03ba\u03cc \u03a4\u03b1\u03bc\u03b5\u03af\u03bf \u039c\u03c5\u03ba\u03cc\u03bd\u03bf\u03c5\" \/>\n<meta property=\"article:publisher\" content=\"https:\/\/www.facebook.com\/mykonosports\" \/>\n<meta property=\"article:modified_time\" content=\"2022-08-22T14:07:35+00:00\" \/>\n<meta property=\"og:image\" content=\"https:\/\/mykonosports.gr\/wp-content\/uploads\/2023\/03\/Logo_MykonosPorts_2023.png\" \/>\n\t<meta property=\"og:image:width\" content=\"320\" \/>\n\t<meta property=\"og:image:height\" content=\"320\" \/>\n\t<meta property=\"og:image:type\" content=\"image\/png\" \/>\n<meta name=\"twitter:card\" content=\"summary_large_image\" \/>\n<meta name=\"twitter:site\" content=\"@mykonosports\" \/>\n<meta name=\"twitter:label1\" content=\"Dur\u00e9e de lecture estim\u00e9e\" \/>\n\t<meta name=\"twitter:data1\" content=\"2 minutes\" \/>\n<script type=\"application\/ld+json\" class=\"yoast-schema-graph\">{\"@context\":\"https:\\\/\\\/schema.org\",\"@graph\":[{\"@type\":\"WebPage\",\"@id\":\"https:\\\/\\\/mykonosports.gr\\\/fr\\\/studies-projects\\\/\",\"url\":\"https:\\\/\\\/mykonosports.gr\\\/fr\\\/studies-projects\\\/\",\"name\":\"Etudes-Projets - \u0394\u03b7\u03bc\u03bf\u03c4\u03b9\u03ba\u03cc \u039b\u03b9\u03bc\u03b5\u03bd\u03b9\u03ba\u03cc \u03a4\u03b1\u03bc\u03b5\u03af\u03bf \u039c\u03c5\u03ba\u03cc\u03bd\u03bf\u03c5\",\"isPartOf\":{\"@id\":\"https:\\\/\\\/mykonosports.gr\\\/en\\\/#website\"},\"datePublished\":\"2017-02-04T04:59:22+00:00\",\"dateModified\":\"2022-08-22T14:07:35+00:00\",\"breadcrumb\":{\"@id\":\"https:\\\/\\\/mykonosports.gr\\\/fr\\\/studies-projects\\\/#breadcrumb\"},\"inLanguage\":\"fr-FR\",\"potentialAction\":[{\"@type\":\"ReadAction\",\"target\":[\"https:\\\/\\\/mykonosports.gr\\\/fr\\\/studies-projects\\\/\"]}]},{\"@type\":\"BreadcrumbList\",\"@id\":\"https:\\\/\\\/mykonosports.gr\\\/fr\\\/studies-projects\\\/#breadcrumb\",\"itemListElement\":[{\"@type\":\"ListItem\",\"position\":1,\"name\":\"Home\",\"item\":\"https:\\\/\\\/mykonosports.gr\\\/fr\\\/\"},{\"@type\":\"ListItem\",\"position\":2,\"name\":\"Etudes-Projets\"}]},{\"@type\":\"WebSite\",\"@id\":\"https:\\\/\\\/mykonosports.gr\\\/en\\\/#website\",\"url\":\"https:\\\/\\\/mykonosports.gr\\\/en\\\/\",\"name\":\"\u0394\u03b7\u03bc\u03bf\u03c4\u03b9\u03ba\u03cc \u039b\u03b9\u03bc\u03b5\u03bd\u03b9\u03ba\u03cc \u03a4\u03b1\u03bc\u03b5\u03af\u03bf \u039c\u03c5\u03ba\u03cc\u03bd\u03bf\u03c5\",\"description\":\"\",\"publisher\":{\"@id\":\"https:\\\/\\\/mykonosports.gr\\\/en\\\/#organization\"},\"potentialAction\":[{\"@type\":\"SearchAction\",\"target\":{\"@type\":\"EntryPoint\",\"urlTemplate\":\"https:\\\/\\\/mykonosports.gr\\\/en\\\/?s={search_term_string}\"},\"query-input\":{\"@type\":\"PropertyValueSpecification\",\"valueRequired\":true,\"valueName\":\"search_term_string\"}}],\"inLanguage\":\"fr-FR\"},{\"@type\":\"Organization\",\"@id\":\"https:\\\/\\\/mykonosports.gr\\\/en\\\/#organization\",\"name\":\"\u0394\u03b7\u03bc\u03bf\u03c4\u03b9\u03ba\u03cc \u039b\u03b9\u03bc\u03b5\u03bd\u03b9\u03ba\u03cc \u03a4\u03b1\u03bc\u03b5\u03af\u03bf \u039c\u03c5\u03ba\u03cc\u03bd\u03bf\u03c5\",\"url\":\"https:\\\/\\\/mykonosports.gr\\\/en\\\/\",\"logo\":{\"@type\":\"ImageObject\",\"inLanguage\":\"fr-FR\",\"@id\":\"https:\\\/\\\/mykonosports.gr\\\/en\\\/#\\\/schema\\\/logo\\\/image\\\/\",\"url\":\"https:\\\/\\\/mykonosports.gr\\\/wp-content\\\/uploads\\\/2020\\\/08\\\/logo-new-mykonosports.png\",\"contentUrl\":\"https:\\\/\\\/mykonosports.gr\\\/wp-content\\\/uploads\\\/2020\\\/08\\\/logo-new-mykonosports.png\",\"width\":1013,\"height\":980,\"caption\":\"\u0394\u03b7\u03bc\u03bf\u03c4\u03b9\u03ba\u03cc \u039b\u03b9\u03bc\u03b5\u03bd\u03b9\u03ba\u03cc \u03a4\u03b1\u03bc\u03b5\u03af\u03bf \u039c\u03c5\u03ba\u03cc\u03bd\u03bf\u03c5\"},\"image\":{\"@id\":\"https:\\\/\\\/mykonosports.gr\\\/en\\\/#\\\/schema\\\/logo\\\/image\\\/\"},\"sameAs\":[\"https:\\\/\\\/www.facebook.com\\\/mykonosports\",\"https:\\\/\\\/x.com\\\/mykonosports\"]}]}<\/script>\n<!-- \/ Yoast SEO plugin. -->","yoast_head_json":{"title":"Etudes-Projets - \u0394\u03b7\u03bc\u03bf\u03c4\u03b9\u03ba\u03cc \u039b\u03b9\u03bc\u03b5\u03bd\u03b9\u03ba\u03cc \u03a4\u03b1\u03bc\u03b5\u03af\u03bf \u039c\u03c5\u03ba\u03cc\u03bd\u03bf\u03c5","robots":{"index":"index","follow":"follow","max-snippet":"max-snippet:-1","max-image-preview":"max-image-preview:large","max-video-preview":"max-video-preview:-1"},"canonical":"https:\/\/mykonosports.gr\/fr\/studies-projects\/","og_locale":"fr_FR","og_type":"article","og_title":"Etudes-Projets - \u0394\u03b7\u03bc\u03bf\u03c4\u03b9\u03ba\u03cc \u039b\u03b9\u03bc\u03b5\u03bd\u03b9\u03ba\u03cc \u03a4\u03b1\u03bc\u03b5\u03af\u03bf \u039c\u03c5\u03ba\u03cc\u03bd\u03bf\u03c5","og_description":"Projets \/ Etudes Depuis 1991, une \u00e9tude a \u00e9t\u00e9 command\u00e9e pour mettre en \u00e9vidence le potentiel de d\u00e9veloppement de Mykonos afin de planifier l&rsquo;infrastructure moderne n\u00e9cessaire, afin qu&rsquo;elle puisse r\u00e9pondre&hellip;","og_url":"https:\/\/mykonosports.gr\/fr\/studies-projects\/","og_site_name":"\u0394\u03b7\u03bc\u03bf\u03c4\u03b9\u03ba\u03cc \u039b\u03b9\u03bc\u03b5\u03bd\u03b9\u03ba\u03cc \u03a4\u03b1\u03bc\u03b5\u03af\u03bf \u039c\u03c5\u03ba\u03cc\u03bd\u03bf\u03c5","article_publisher":"https:\/\/www.facebook.com\/mykonosports","article_modified_time":"2022-08-22T14:07:35+00:00","og_image":[{"width":320,"height":320,"url":"https:\/\/mykonosports.gr\/wp-content\/uploads\/2023\/03\/Logo_MykonosPorts_2023.png","type":"image\/png"}],"twitter_card":"summary_large_image","twitter_site":"@mykonosports","twitter_misc":{"Dur\u00e9e de lecture estim\u00e9e":"2 minutes"},"schema":{"@context":"https:\/\/schema.org","@graph":[{"@type":"WebPage","@id":"https:\/\/mykonosports.gr\/fr\/studies-projects\/","url":"https:\/\/mykonosports.gr\/fr\/studies-projects\/","name":"Etudes-Projets - \u0394\u03b7\u03bc\u03bf\u03c4\u03b9\u03ba\u03cc \u039b\u03b9\u03bc\u03b5\u03bd\u03b9\u03ba\u03cc \u03a4\u03b1\u03bc\u03b5\u03af\u03bf \u039c\u03c5\u03ba\u03cc\u03bd\u03bf\u03c5","isPartOf":{"@id":"https:\/\/mykonosports.gr\/en\/#website"},"datePublished":"2017-02-04T04:59:22+00:00","dateModified":"2022-08-22T14:07:35+00:00","breadcrumb":{"@id":"https:\/\/mykonosports.gr\/fr\/studies-projects\/#breadcrumb"},"inLanguage":"fr-FR","potentialAction":[{"@type":"ReadAction","target":["https:\/\/mykonosports.gr\/fr\/studies-projects\/"]}]},{"@type":"BreadcrumbList","@id":"https:\/\/mykonosports.gr\/fr\/studies-projects\/#breadcrumb","itemListElement":[{"@type":"ListItem","position":1,"name":"Home","item":"https:\/\/mykonosports.gr\/fr\/"},{"@type":"ListItem","position":2,"name":"Etudes-Projets"}]},{"@type":"WebSite","@id":"https:\/\/mykonosports.gr\/en\/#website","url":"https:\/\/mykonosports.gr\/en\/","name":"\u0394\u03b7\u03bc\u03bf\u03c4\u03b9\u03ba\u03cc \u039b\u03b9\u03bc\u03b5\u03bd\u03b9\u03ba\u03cc \u03a4\u03b1\u03bc\u03b5\u03af\u03bf \u039c\u03c5\u03ba\u03cc\u03bd\u03bf\u03c5","description":"","publisher":{"@id":"https:\/\/mykonosports.gr\/en\/#organization"},"potentialAction":[{"@type":"SearchAction","target":{"@type":"EntryPoint","urlTemplate":"https:\/\/mykonosports.gr\/en\/?s={search_term_string}"},"query-input":{"@type":"PropertyValueSpecification","valueRequired":true,"valueName":"search_term_string"}}],"inLanguage":"fr-FR"},{"@type":"Organization","@id":"https:\/\/mykonosports.gr\/en\/#organization","name":"\u0394\u03b7\u03bc\u03bf\u03c4\u03b9\u03ba\u03cc \u039b\u03b9\u03bc\u03b5\u03bd\u03b9\u03ba\u03cc \u03a4\u03b1\u03bc\u03b5\u03af\u03bf \u039c\u03c5\u03ba\u03cc\u03bd\u03bf\u03c5","url":"https:\/\/mykonosports.gr\/en\/","logo":{"@type":"ImageObject","inLanguage":"fr-FR","@id":"https:\/\/mykonosports.gr\/en\/#\/schema\/logo\/image\/","url":"https:\/\/mykonosports.gr\/wp-content\/uploads\/2020\/08\/logo-new-mykonosports.png","contentUrl":"https:\/\/mykonosports.gr\/wp-content\/uploads\/2020\/08\/logo-new-mykonosports.png","width":1013,"height":980,"caption":"\u0394\u03b7\u03bc\u03bf\u03c4\u03b9\u03ba\u03cc \u039b\u03b9\u03bc\u03b5\u03bd\u03b9\u03ba\u03cc \u03a4\u03b1\u03bc\u03b5\u03af\u03bf \u039c\u03c5\u03ba\u03cc\u03bd\u03bf\u03c5"},"image":{"@id":"https:\/\/mykonosports.gr\/en\/#\/schema\/logo\/image\/"},"sameAs":["https:\/\/www.facebook.com\/mykonosports","https:\/\/x.com\/mykonosports"]}]}},"_links":{"self":[{"href":"https:\/\/mykonosports.gr\/fr\/wp-json\/wp\/v2\/pages\/240314","targetHints":{"allow":["GET"]}}],"collection":[{"href":"https:\/\/mykonosports.gr\/fr\/wp-json\/wp\/v2\/pages"}],"about":[{"href":"https:\/\/mykonosports.gr\/fr\/wp-json\/wp\/v2\/types\/page"}],"author":[{"embeddable":true,"href":"https:\/\/mykonosports.gr\/fr\/wp-json\/wp\/v2\/users\/1"}],"replies":[{"embeddable":true,"href":"https:\/\/mykonosports.gr\/fr\/wp-json\/wp\/v2\/comments?post=240314"}],"version-history":[{"count":2,"href":"https:\/\/mykonosports.gr\/fr\/wp-json\/wp\/v2\/pages\/240314\/revisions"}],"predecessor-version":[{"id":240330,"href":"https:\/\/mykonosports.gr\/fr\/wp-json\/wp\/v2\/pages\/240314\/revisions\/240330"}],"wp:attachment":[{"href":"https:\/\/mykonosports.gr\/fr\/wp-json\/wp\/v2\/media?parent=240314"}],"curies":[{"name":"wp","href":"https:\/\/api.w.org\/{rel}","templated":true}]}}