{"id":158750,"date":"2017-03-23T13:55:55","date_gmt":"2017-03-23T11:55:55","guid":{"rendered":"https:\/\/mykonosports.gr\/functions\/"},"modified":"2021-09-09T06:04:13","modified_gmt":"2021-09-09T04:04:13","slug":"functions","status":"publish","type":"page","link":"https:\/\/mykonosports.gr\/fr\/functions\/","title":{"rendered":"Responsabilit\u00e9s"},"content":{"rendered":"<div class=\"wpb-content-wrapper\"><p>[vc_row][vc_column][vc_column_text]<\/p>\n<h3>Le Fonds municipal du port de Mykonos a \u00e9t\u00e9 cr\u00e9\u00e9 en 2003 conform\u00e9ment aux d\u00e9crets pr\u00e9sidentiels et d\u00e9cisions suivants du Secr\u00e9tariat g\u00e9n\u00e9ral de la r\u00e9gion\u00a0:<\/h3>\n<blockquote><p>Le P.D. 28\/2003 (Journal officiel A &rsquo;34\/2003) \u00ab\u00a0Suppression de la pr\u00e9fecture des Cyclades\u00a0\u00bb.<\/p>\n<p>La d\u00e9cision n\u00b0 12011\/2003 du secr\u00e9taire g\u00e9n\u00e9ral de la r\u00e9gion (Journal du gouvernement A &lsquo;1847\/2003) \u00ab\u00a0Vote de l&rsquo;organisation du service int\u00e9rieur de la DLT. Mykonos, Pr\u00e9fecture des Cyclades\u00a0\u00bb.<\/p>\n<p>Journal officiel n\u00b0 1847BD \/ 11-12-03 (modifi\u00e9 par la d\u00e9cision n\u00b0 4453\/04 du secr\u00e9taire g\u00e9n\u00e9ral de la r\u00e9gion sud de l&rsquo;\u00c9g\u00e9e), qui d\u00e9finit l&rsquo;organisation des services internes de l&rsquo;entit\u00e9 juridique municipale du fonds municipal du port de la pr\u00e9fecture de Mykonos Cyclades\u00a0\u00bb.<\/p><\/blockquote>\n<h3>Les responsabilit\u00e9s de l&rsquo;organisme sont les suivantes :<\/h3>\n<p>&nbsp;<\/p>\n<h3>Bureau des affaires juridiques.<\/h3>\n<blockquote><p>Tenir un dossier des affaires juridiques.<br \/>\nRepr\u00e9sentation et d\u00e9fense des int\u00e9r\u00eats de DLTM devant les tribunaux.<br \/>\nL&rsquo;avis sur les questions juridiques.<br \/>\nL&rsquo;\u00e9laboration juridique des contrats.<\/p><\/blockquote>\n<h3>D\u00e9partement des services administratifs et financiers.<\/h3>\n<blockquote><p>Le traitement de toutes les questions de nature administrative.<br \/>\nLe traitement de toutes les questions li\u00e9es au recrutement du personnel, au suivi de la l\u00e9gislation en la mati\u00e8re, \u00e0 la mise \u00e0 jour des dossiers individuels, aux cong\u00e9s de retraite, etc.<br \/>\nR\u00e9ception du protocole de courrier entrant-sortant, archivage.<br \/>\nSecr\u00e9tariat, reproduction de formulaires, dactylographie, centre d&rsquo;appels.<br \/>\nLe soin de la garde &#8211; l&rsquo;entretien des installations du b\u00e2timent, la propret\u00e9, etc.<br \/>\nLe souci de l&rsquo;examen en temps opportun des plaintes soumises par les citoyens et de leur information valable sur les questions qui les concernent.<br \/>\nVeiller \u00e0 la pr\u00e9paration &#8211; modification du budget annuel et au suivi de son ex\u00e9cution.<br \/>\nLa pr\u00e9paration d&rsquo;un rapport annuel &#8211; bilan.<br \/>\nLa gestion de toutes d\u00e9penses ainsi que la liquidation des salaires et indemnit\u00e9s du personnel.<br \/>\nLe soin de la perception de tous les revenus et du paiement de toutes les obligations du Fonds Portuaire.<\/p><\/blockquote>\n<h3>D\u00e9partement des services techniques. Planification &#8211; Etudes &#8211; Bureau de Surveillance.<\/h3>\n<blockquote><p>L&rsquo;\u00e9laboration du programme de d\u00e9veloppement des installations de la juridiction du Fonds Portuaire.<br \/>\nLe traitement des questions li\u00e9es aux zones portuaires ainsi que des questions d&rsquo;am\u00e9nagement routier, d&rsquo;am\u00e9nagement du territoire et d&rsquo;expropriations.<br \/>\nL&rsquo;\u00e9laboration d&rsquo;\u00e9tudes technico-\u00e9conomiques de projets d&rsquo;infrastructures et de b\u00e2timents.<br \/>\nLa capture des ouvrages et installations du port.<br \/>\nLa fonction salon.<br \/>\nLa vente aux ench\u00e8res, le suivi, la supervision, l&rsquo;exploitation, la r\u00e9ception, l&rsquo;entretien, la r\u00e9novation et la r\u00e9paration des projets et tous types d&rsquo;installations du Fonds Portuaire.<br \/>\nEx\u00e9cution de petits projets avec auto-surveillance.<br \/>\nLe soin du vert dans les domaines de comp\u00e9tence du Fonds Portuaire.<br \/>\nL&rsquo;\u00e9laboration de r\u00e8glements pour l&rsquo;utilisation des projets et des installations du Fonds portuaire.<br \/>\nTenue et mise \u00e0 jour d&rsquo;un dossier de projet.<\/p><\/blockquote>\n<h3>Bureau de l&rsquo;entretien \u00e9lectrique et des machines.<\/h3>\n<blockquote><p>L&rsquo;\u00e9laboration d&rsquo;un programme et d&rsquo;\u00e9tudes pour le d\u00e9veloppement et le renouvellement des \u00e9quipements \u00e9lectromagn\u00e9tiques.<br \/>\nL&rsquo;\u00e9tude et la r\u00e9daction des sp\u00e9cifications techniques pour la fourniture de machines, de navires et de tous types d&rsquo;\u00e9quipements \u00e9lectrom\u00e9caniques et \u00e9lectriques.<br \/>\nL&rsquo;\u00e9tude et la r\u00e9daction des sp\u00e9cifications techniques pour la fourniture de machines pour \u00e9viter les accidents et les dommages.<br \/>\nLa r\u00e9paration et l&rsquo;entretien d&rsquo;\u00e9quipements \u00e9lectrom\u00e9caniques, d&rsquo;installations de machines et de navires et leur maintien en attente.<br \/>\nGestion des carburants et lubrifiants<br \/>\nLa tenue d&rsquo;un registre et d&rsquo;un fichier des \u00e9quipements \u00e9lectrom\u00e9caniques, \u00e9lectriques hors syst\u00e8mes informatiques qui appartiennent \u00e0 la Direction des Services Administratifs &#8211; Financiers et leurs co\u00fbts.<\/p><\/blockquote>\n<h3>Bureau de nettoyage<\/h3>\n<blockquote><p>Le souci de la propret\u00e9 et de l&rsquo;ordre des parties communes, zone terrestre et maritime de la responsabilit\u00e9 du Fonds Portuaire.<\/p><\/blockquote>\n<p>[\/vc_column_text][vc_separator][\/vc_column][\/vc_row]<\/p>\n<\/div>","protected":false},"excerpt":{"rendered":"<p>[vc_row][vc_column][vc_column_text] Le Fonds municipal du port de Mykonos a \u00e9t\u00e9 cr\u00e9\u00e9 en 2003 conform\u00e9ment aux d\u00e9crets pr\u00e9sidentiels et d\u00e9cisions suivants du Secr\u00e9tariat g\u00e9n\u00e9ral de la r\u00e9gion\u00a0: Le P.D. 28\/2003 (Journal&hellip;<\/p>\n","protected":false},"author":1,"featured_media":0,"parent":0,"menu_order":0,"comment_status":"closed","ping_status":"closed","template":"template-full-width.php","meta":{"footnotes":""},"class_list":["post-158750","page","type-page","status-publish","hentry"],"yoast_head":"<!-- This site is optimized with the Yoast SEO plugin v27.3 - https:\/\/yoast.com\/product\/yoast-seo-wordpress\/ -->\n<title>Responsabilit\u00e9s - \u0394\u03b7\u03bc\u03bf\u03c4\u03b9\u03ba\u03cc \u039b\u03b9\u03bc\u03b5\u03bd\u03b9\u03ba\u03cc \u03a4\u03b1\u03bc\u03b5\u03af\u03bf \u039c\u03c5\u03ba\u03cc\u03bd\u03bf\u03c5<\/title>\n<meta name=\"robots\" content=\"index, follow, max-snippet:-1, max-image-preview:large, max-video-preview:-1\" \/>\n<link rel=\"canonical\" href=\"https:\/\/mykonosports.gr\/fr\/functions\/\" \/>\n<meta property=\"og:locale\" content=\"fr_FR\" \/>\n<meta property=\"og:type\" content=\"article\" \/>\n<meta property=\"og:title\" content=\"Responsabilit\u00e9s - \u0394\u03b7\u03bc\u03bf\u03c4\u03b9\u03ba\u03cc \u039b\u03b9\u03bc\u03b5\u03bd\u03b9\u03ba\u03cc \u03a4\u03b1\u03bc\u03b5\u03af\u03bf \u039c\u03c5\u03ba\u03cc\u03bd\u03bf\u03c5\" \/>\n<meta property=\"og:description\" content=\"[vc_row][vc_column][vc_column_text] Le Fonds municipal du port de Mykonos a \u00e9t\u00e9 cr\u00e9\u00e9 en 2003 conform\u00e9ment aux d\u00e9crets pr\u00e9sidentiels et d\u00e9cisions suivants du Secr\u00e9tariat g\u00e9n\u00e9ral de la r\u00e9gion\u00a0: Le P.D. 28\/2003 (Journal&hellip;\" \/>\n<meta property=\"og:url\" content=\"https:\/\/mykonosports.gr\/fr\/functions\/\" \/>\n<meta property=\"og:site_name\" content=\"\u0394\u03b7\u03bc\u03bf\u03c4\u03b9\u03ba\u03cc \u039b\u03b9\u03bc\u03b5\u03bd\u03b9\u03ba\u03cc \u03a4\u03b1\u03bc\u03b5\u03af\u03bf \u039c\u03c5\u03ba\u03cc\u03bd\u03bf\u03c5\" \/>\n<meta property=\"article:publisher\" content=\"https:\/\/www.facebook.com\/mykonosports\" \/>\n<meta property=\"article:modified_time\" content=\"2021-09-09T04:04:13+00:00\" \/>\n<meta property=\"og:image\" content=\"https:\/\/mykonosports.gr\/wp-content\/uploads\/2023\/03\/Logo_MykonosPorts_2023.png\" \/>\n\t<meta property=\"og:image:width\" content=\"320\" \/>\n\t<meta property=\"og:image:height\" content=\"320\" \/>\n\t<meta property=\"og:image:type\" content=\"image\/png\" \/>\n<meta name=\"twitter:card\" content=\"summary_large_image\" \/>\n<meta name=\"twitter:site\" content=\"@mykonosports\" \/>\n<meta name=\"twitter:label1\" content=\"Dur\u00e9e de lecture estim\u00e9e\" \/>\n\t<meta name=\"twitter:data1\" content=\"3 minutes\" \/>\n<script type=\"application\/ld+json\" class=\"yoast-schema-graph\">{\"@context\":\"https:\\\/\\\/schema.org\",\"@graph\":[{\"@type\":\"WebPage\",\"@id\":\"https:\\\/\\\/mykonosports.gr\\\/fr\\\/functions\\\/\",\"url\":\"https:\\\/\\\/mykonosports.gr\\\/fr\\\/functions\\\/\",\"name\":\"Responsabilit\u00e9s - \u0394\u03b7\u03bc\u03bf\u03c4\u03b9\u03ba\u03cc \u039b\u03b9\u03bc\u03b5\u03bd\u03b9\u03ba\u03cc \u03a4\u03b1\u03bc\u03b5\u03af\u03bf \u039c\u03c5\u03ba\u03cc\u03bd\u03bf\u03c5\",\"isPartOf\":{\"@id\":\"https:\\\/\\\/mykonosports.gr\\\/en\\\/#website\"},\"datePublished\":\"2017-03-23T11:55:55+00:00\",\"dateModified\":\"2021-09-09T04:04:13+00:00\",\"breadcrumb\":{\"@id\":\"https:\\\/\\\/mykonosports.gr\\\/fr\\\/functions\\\/#breadcrumb\"},\"inLanguage\":\"fr-FR\",\"potentialAction\":[{\"@type\":\"ReadAction\",\"target\":[\"https:\\\/\\\/mykonosports.gr\\\/fr\\\/functions\\\/\"]}]},{\"@type\":\"BreadcrumbList\",\"@id\":\"https:\\\/\\\/mykonosports.gr\\\/fr\\\/functions\\\/#breadcrumb\",\"itemListElement\":[{\"@type\":\"ListItem\",\"position\":1,\"name\":\"Home\",\"item\":\"https:\\\/\\\/mykonosports.gr\\\/fr\\\/\"},{\"@type\":\"ListItem\",\"position\":2,\"name\":\"Responsabilit\u00e9s\"}]},{\"@type\":\"WebSite\",\"@id\":\"https:\\\/\\\/mykonosports.gr\\\/en\\\/#website\",\"url\":\"https:\\\/\\\/mykonosports.gr\\\/en\\\/\",\"name\":\"\u0394\u03b7\u03bc\u03bf\u03c4\u03b9\u03ba\u03cc \u039b\u03b9\u03bc\u03b5\u03bd\u03b9\u03ba\u03cc \u03a4\u03b1\u03bc\u03b5\u03af\u03bf \u039c\u03c5\u03ba\u03cc\u03bd\u03bf\u03c5\",\"description\":\"\",\"publisher\":{\"@id\":\"https:\\\/\\\/mykonosports.gr\\\/en\\\/#organization\"},\"potentialAction\":[{\"@type\":\"SearchAction\",\"target\":{\"@type\":\"EntryPoint\",\"urlTemplate\":\"https:\\\/\\\/mykonosports.gr\\\/en\\\/?s={search_term_string}\"},\"query-input\":{\"@type\":\"PropertyValueSpecification\",\"valueRequired\":true,\"valueName\":\"search_term_string\"}}],\"inLanguage\":\"fr-FR\"},{\"@type\":\"Organization\",\"@id\":\"https:\\\/\\\/mykonosports.gr\\\/en\\\/#organization\",\"name\":\"\u0394\u03b7\u03bc\u03bf\u03c4\u03b9\u03ba\u03cc \u039b\u03b9\u03bc\u03b5\u03bd\u03b9\u03ba\u03cc \u03a4\u03b1\u03bc\u03b5\u03af\u03bf \u039c\u03c5\u03ba\u03cc\u03bd\u03bf\u03c5\",\"url\":\"https:\\\/\\\/mykonosports.gr\\\/en\\\/\",\"logo\":{\"@type\":\"ImageObject\",\"inLanguage\":\"fr-FR\",\"@id\":\"https:\\\/\\\/mykonosports.gr\\\/en\\\/#\\\/schema\\\/logo\\\/image\\\/\",\"url\":\"https:\\\/\\\/mykonosports.gr\\\/wp-content\\\/uploads\\\/2020\\\/08\\\/logo-new-mykonosports.png\",\"contentUrl\":\"https:\\\/\\\/mykonosports.gr\\\/wp-content\\\/uploads\\\/2020\\\/08\\\/logo-new-mykonosports.png\",\"width\":1013,\"height\":980,\"caption\":\"\u0394\u03b7\u03bc\u03bf\u03c4\u03b9\u03ba\u03cc \u039b\u03b9\u03bc\u03b5\u03bd\u03b9\u03ba\u03cc \u03a4\u03b1\u03bc\u03b5\u03af\u03bf \u039c\u03c5\u03ba\u03cc\u03bd\u03bf\u03c5\"},\"image\":{\"@id\":\"https:\\\/\\\/mykonosports.gr\\\/en\\\/#\\\/schema\\\/logo\\\/image\\\/\"},\"sameAs\":[\"https:\\\/\\\/www.facebook.com\\\/mykonosports\",\"https:\\\/\\\/x.com\\\/mykonosports\"]}]}<\/script>\n<!-- \/ Yoast SEO plugin. -->","yoast_head_json":{"title":"Responsabilit\u00e9s - \u0394\u03b7\u03bc\u03bf\u03c4\u03b9\u03ba\u03cc \u039b\u03b9\u03bc\u03b5\u03bd\u03b9\u03ba\u03cc \u03a4\u03b1\u03bc\u03b5\u03af\u03bf \u039c\u03c5\u03ba\u03cc\u03bd\u03bf\u03c5","robots":{"index":"index","follow":"follow","max-snippet":"max-snippet:-1","max-image-preview":"max-image-preview:large","max-video-preview":"max-video-preview:-1"},"canonical":"https:\/\/mykonosports.gr\/fr\/functions\/","og_locale":"fr_FR","og_type":"article","og_title":"Responsabilit\u00e9s - \u0394\u03b7\u03bc\u03bf\u03c4\u03b9\u03ba\u03cc \u039b\u03b9\u03bc\u03b5\u03bd\u03b9\u03ba\u03cc \u03a4\u03b1\u03bc\u03b5\u03af\u03bf \u039c\u03c5\u03ba\u03cc\u03bd\u03bf\u03c5","og_description":"[vc_row][vc_column][vc_column_text] Le Fonds municipal du port de Mykonos a \u00e9t\u00e9 cr\u00e9\u00e9 en 2003 conform\u00e9ment aux d\u00e9crets pr\u00e9sidentiels et d\u00e9cisions suivants du Secr\u00e9tariat g\u00e9n\u00e9ral de la r\u00e9gion\u00a0: Le P.D. 28\/2003 (Journal&hellip;","og_url":"https:\/\/mykonosports.gr\/fr\/functions\/","og_site_name":"\u0394\u03b7\u03bc\u03bf\u03c4\u03b9\u03ba\u03cc \u039b\u03b9\u03bc\u03b5\u03bd\u03b9\u03ba\u03cc \u03a4\u03b1\u03bc\u03b5\u03af\u03bf \u039c\u03c5\u03ba\u03cc\u03bd\u03bf\u03c5","article_publisher":"https:\/\/www.facebook.com\/mykonosports","article_modified_time":"2021-09-09T04:04:13+00:00","og_image":[{"width":320,"height":320,"url":"https:\/\/mykonosports.gr\/wp-content\/uploads\/2023\/03\/Logo_MykonosPorts_2023.png","type":"image\/png"}],"twitter_card":"summary_large_image","twitter_site":"@mykonosports","twitter_misc":{"Dur\u00e9e de lecture estim\u00e9e":"3 minutes"},"schema":{"@context":"https:\/\/schema.org","@graph":[{"@type":"WebPage","@id":"https:\/\/mykonosports.gr\/fr\/functions\/","url":"https:\/\/mykonosports.gr\/fr\/functions\/","name":"Responsabilit\u00e9s - \u0394\u03b7\u03bc\u03bf\u03c4\u03b9\u03ba\u03cc \u039b\u03b9\u03bc\u03b5\u03bd\u03b9\u03ba\u03cc \u03a4\u03b1\u03bc\u03b5\u03af\u03bf \u039c\u03c5\u03ba\u03cc\u03bd\u03bf\u03c5","isPartOf":{"@id":"https:\/\/mykonosports.gr\/en\/#website"},"datePublished":"2017-03-23T11:55:55+00:00","dateModified":"2021-09-09T04:04:13+00:00","breadcrumb":{"@id":"https:\/\/mykonosports.gr\/fr\/functions\/#breadcrumb"},"inLanguage":"fr-FR","potentialAction":[{"@type":"ReadAction","target":["https:\/\/mykonosports.gr\/fr\/functions\/"]}]},{"@type":"BreadcrumbList","@id":"https:\/\/mykonosports.gr\/fr\/functions\/#breadcrumb","itemListElement":[{"@type":"ListItem","position":1,"name":"Home","item":"https:\/\/mykonosports.gr\/fr\/"},{"@type":"ListItem","position":2,"name":"Responsabilit\u00e9s"}]},{"@type":"WebSite","@id":"https:\/\/mykonosports.gr\/en\/#website","url":"https:\/\/mykonosports.gr\/en\/","name":"\u0394\u03b7\u03bc\u03bf\u03c4\u03b9\u03ba\u03cc \u039b\u03b9\u03bc\u03b5\u03bd\u03b9\u03ba\u03cc \u03a4\u03b1\u03bc\u03b5\u03af\u03bf \u039c\u03c5\u03ba\u03cc\u03bd\u03bf\u03c5","description":"","publisher":{"@id":"https:\/\/mykonosports.gr\/en\/#organization"},"potentialAction":[{"@type":"SearchAction","target":{"@type":"EntryPoint","urlTemplate":"https:\/\/mykonosports.gr\/en\/?s={search_term_string}"},"query-input":{"@type":"PropertyValueSpecification","valueRequired":true,"valueName":"search_term_string"}}],"inLanguage":"fr-FR"},{"@type":"Organization","@id":"https:\/\/mykonosports.gr\/en\/#organization","name":"\u0394\u03b7\u03bc\u03bf\u03c4\u03b9\u03ba\u03cc \u039b\u03b9\u03bc\u03b5\u03bd\u03b9\u03ba\u03cc \u03a4\u03b1\u03bc\u03b5\u03af\u03bf \u039c\u03c5\u03ba\u03cc\u03bd\u03bf\u03c5","url":"https:\/\/mykonosports.gr\/en\/","logo":{"@type":"ImageObject","inLanguage":"fr-FR","@id":"https:\/\/mykonosports.gr\/en\/#\/schema\/logo\/image\/","url":"https:\/\/mykonosports.gr\/wp-content\/uploads\/2020\/08\/logo-new-mykonosports.png","contentUrl":"https:\/\/mykonosports.gr\/wp-content\/uploads\/2020\/08\/logo-new-mykonosports.png","width":1013,"height":980,"caption":"\u0394\u03b7\u03bc\u03bf\u03c4\u03b9\u03ba\u03cc \u039b\u03b9\u03bc\u03b5\u03bd\u03b9\u03ba\u03cc \u03a4\u03b1\u03bc\u03b5\u03af\u03bf \u039c\u03c5\u03ba\u03cc\u03bd\u03bf\u03c5"},"image":{"@id":"https:\/\/mykonosports.gr\/en\/#\/schema\/logo\/image\/"},"sameAs":["https:\/\/www.facebook.com\/mykonosports","https:\/\/x.com\/mykonosports"]}]}},"_links":{"self":[{"href":"https:\/\/mykonosports.gr\/fr\/wp-json\/wp\/v2\/pages\/158750","targetHints":{"allow":["GET"]}}],"collection":[{"href":"https:\/\/mykonosports.gr\/fr\/wp-json\/wp\/v2\/pages"}],"about":[{"href":"https:\/\/mykonosports.gr\/fr\/wp-json\/wp\/v2\/types\/page"}],"author":[{"embeddable":true,"href":"https:\/\/mykonosports.gr\/fr\/wp-json\/wp\/v2\/users\/1"}],"replies":[{"embeddable":true,"href":"https:\/\/mykonosports.gr\/fr\/wp-json\/wp\/v2\/comments?post=158750"}],"version-history":[{"count":3,"href":"https:\/\/mykonosports.gr\/fr\/wp-json\/wp\/v2\/pages\/158750\/revisions"}],"predecessor-version":[{"id":158758,"href":"https:\/\/mykonosports.gr\/fr\/wp-json\/wp\/v2\/pages\/158750\/revisions\/158758"}],"wp:attachment":[{"href":"https:\/\/mykonosports.gr\/fr\/wp-json\/wp\/v2\/media?parent=158750"}],"curies":[{"name":"wp","href":"https:\/\/api.w.org\/{rel}","templated":true}]}}