{"id":330385,"date":"2023-10-04T13:30:36","date_gmt":"2023-10-04T10:30:36","guid":{"rendered":"https:\/\/mykonosports.gr\/marina_reservations\/"},"modified":"2024-06-04T11:30:08","modified_gmt":"2024-06-04T08:30:08","slug":"marina_reservations","status":"publish","type":"page","link":"https:\/\/mykonosports.gr\/de\/marina_reservations\/","title":{"rendered":"Marina-Reservierungen"},"content":{"rendered":"<div class=\"wpb-content-wrapper\"><p>[vc_row][vc_column][vc_cta h2=&#8220;Tourlos Marina Reservierungen NEUER HAFEN VON MYKONOS&#8220; h4=&#8220;ACHTUNG: Die Anwendung funktioniert NUR f\u00fcr den neuen Hafen von Mykonos und f\u00fcr Boote, die kleiner als 25 m sind&#8220; add_button=&#8220;right&#8220; btn_title=&#8220;Marina-Reservierungen&#8220; btn_color=&#8220;primary&#8220; btn_i_icon_fontawesome=&#8220;far fa-hand-point-right&#8220; btn_add_icon=&#8220;true&#8220; btn_link=&#8220;url:https%3A%2F%2Fbooking.mykonosports.gr%2F%3Flang%3Den|title:%CE%A0%CE%B1%CF%84%CE%AE%CF%83%CF%84%CE%B5%20%CE%B5%CE%B4%CF%8E|target:_blank&#8220;]<\/p>\n<h4 style=\"text-align: center;\">Anfragen zur Reservierung von Anlegepl\u00e4tzen im neuen Hafen von Mykonos werden NUR online eingereicht<\/h4>\n<h5>Online-Verfahren f\u00fcr Reservierungen in Mykonos Marina<\/h5>\n<h5>o\u00a0\u00a0\u00a0Schritt 1: Buchungsanfrage und Zusendung der Belege<br \/>\no\u00a0\u00a0\u00a0Schritt 2: \u00dcberpr\u00fcfung und Genehmigung des Dokuments. (Bei ung\u00fcltigen Belegen wird die Reservierung abgelehnt)<br \/>\no\u00a0\u00a0\u00a0Schritt 3: Zahlung der Reservierung bis 24 Stunden nach Genehmigung<br \/>\no\u00a0\u00a0 Schritt 4: Einchecken der Reservierung (Aktivierung 24 Stunden vor Ankunft)<\/h5>\n<div>\n<h5><\/h5>\n<h5>\u00b7\u00a0\u00a0\u00a0\u00a0\u00a0\u00a0\u00a0\u00a0Angegebene Schiffe m\u00fcssen von 12.00 Uhr bis Sonnenuntergang zum Anlegen fahren<br \/>\n\u00b7\u00a0\u00a0\u00a0\u00a0\u00a0\u00a0\u00a0 Der Kapit\u00e4n\/Skipper darf die Insel w\u00e4hrend des Anlegens nicht verlassen<br \/>\n\u00b7\u00a0\u00a0\u00a0\u00a0\u00a0\u00a0\u00a0\u00a0Liegeplatzanfragen werden nach Genehmigung und Anweisungen des Marina Managers telefonisch eingereicht<\/h5>\n<\/div>\n<p>ACHTUNG: Das Absenden dieses Formulars bedeutet nicht zwangsl\u00e4ufig, dass ich im Yachthafenbereich ankern kann. Die Annahme des Dienstes liegt im alleinigen Ermessen des Hafenfonds und h\u00e4ngt von der Verf\u00fcgbarkeit von Pl\u00e4tzen in der Marina ab[\/vc_cta][\/vc_column][\/vc_row][vc_row][vc_column][vc_cta h2=&#8220;Reservierungen f\u00fcr den ALTEN HAFEN VON MYKONOS&#8220; h4=&#8220;ACHTUNG: Das folgende Verfahren gilt f\u00fcr Boote \u00fcber 25 m und NUR f\u00fcr den ALTEN HAFEN&#8220; style=&#8220;3d&#8220; add_button=&#8220;right&#8220; btn_title=&#8220;6946942091&#8243; btn_color=&#8220;green&#8220; btn_i_icon_fontawesome=&#8220;fas fa-sms&#8220; add_icon=&#8220;left&#8220; i_icon_fontawesome=&#8220;fas fa-sms&#8220; btn_add_icon=&#8220;true&#8220; i_on_border=&#8220;true&#8220; btn_link=&#8220;url:tel%3A%2B306946942091||&#8220;]<\/p>\n<ul>\n<li>\n<h5>Indem Sie Ihren Liegeplatz in unserer Marina 24 Stunden vor Ihrer gew\u00fcnschten Ankunft per SMS anmelden, informieren Sie diese \u00fcber folgende Informationen: Ankunftsdatum, Abfahrtsdatum, den Motorboottyp, die Ma\u00dfe und den Tiefgang sowie die Herkunftsh\u00e4fen und Ziel<\/h5>\n<\/li>\n<\/ul>\n<ul>\n<li>\n<h5>Am Ende des Tages informiert Sie der Manager des Yachthafens per SMS dar\u00fcber, ob ein Platz verf\u00fcgbar ist oder nicht.<\/h5>\n<\/li>\n<\/ul>\n<h5><\/h5>\n<h5>ACHTUNG: Wenn Sie am Ende des Tages keine Antwort erhalten, sollten Sie versuchen, den Manager des Yachthafens erneut auf geeignete Weise zu kontaktieren, da dies bedeutet, dass Ihre Nachricht nicht angekommen ist.<\/h5>\n<h5><\/h5>\n<h4>Marina-Manager Nikolaos Rossolatos <a href=\"tel:+302289028790\">22890 28790<\/a>\u00a0&amp;\u00a0<a href=\"tel:+306946942091\">6946942091<\/a><\/h4>\n<p>[\/vc_cta][\/vc_column][\/vc_row]<\/p>\n<\/div>","protected":false},"excerpt":{"rendered":"<p>[vc_row][vc_column][vc_cta h2=&#8220;Tourlos Marina Reservierungen NEUER HAFEN VON MYKONOS&#8220; h4=&#8220;ACHTUNG: Die Anwendung funktioniert NUR f\u00fcr den neuen Hafen von Mykonos und f\u00fcr Boote, die kleiner als 25 m sind&#8220; add_button=&#8220;right&#8220; btn_title=&#8220;Marina-Reservierungen&#8220;&hellip;<\/p>\n","protected":false},"author":1,"featured_media":0,"parent":0,"menu_order":0,"comment_status":"closed","ping_status":"closed","template":"","meta":{"footnotes":""},"class_list":["post-330385","page","type-page","status-publish","hentry"],"yoast_head":"<!-- This site is optimized with the Yoast SEO plugin v27.3 - https:\/\/yoast.com\/product\/yoast-seo-wordpress\/ -->\n<title>Marina-Reservierungen - \u0394\u03b7\u03bc\u03bf\u03c4\u03b9\u03ba\u03cc \u039b\u03b9\u03bc\u03b5\u03bd\u03b9\u03ba\u03cc \u03a4\u03b1\u03bc\u03b5\u03af\u03bf \u039c\u03c5\u03ba\u03cc\u03bd\u03bf\u03c5<\/title>\n<meta name=\"robots\" content=\"index, follow, max-snippet:-1, max-image-preview:large, max-video-preview:-1\" \/>\n<link rel=\"canonical\" href=\"https:\/\/mykonosports.gr\/de\/marina_reservations\/\" \/>\n<meta property=\"og:locale\" content=\"de_DE\" \/>\n<meta property=\"og:type\" content=\"article\" \/>\n<meta property=\"og:title\" content=\"Marina-Reservierungen - \u0394\u03b7\u03bc\u03bf\u03c4\u03b9\u03ba\u03cc \u039b\u03b9\u03bc\u03b5\u03bd\u03b9\u03ba\u03cc \u03a4\u03b1\u03bc\u03b5\u03af\u03bf \u039c\u03c5\u03ba\u03cc\u03bd\u03bf\u03c5\" \/>\n<meta property=\"og:description\" content=\"[vc_row][vc_column][vc_cta h2=&#8220;Tourlos Marina Reservierungen NEUER HAFEN VON MYKONOS&#8220; h4=&#8220;ACHTUNG: Die Anwendung funktioniert NUR f\u00fcr den neuen Hafen von Mykonos und f\u00fcr Boote, die kleiner als 25 m sind&#8220; add_button=&#8220;right&#8220; btn_title=&#8220;Marina-Reservierungen&#8220;&hellip;\" \/>\n<meta property=\"og:url\" content=\"https:\/\/mykonosports.gr\/de\/marina_reservations\/\" \/>\n<meta property=\"og:site_name\" content=\"\u0394\u03b7\u03bc\u03bf\u03c4\u03b9\u03ba\u03cc \u039b\u03b9\u03bc\u03b5\u03bd\u03b9\u03ba\u03cc \u03a4\u03b1\u03bc\u03b5\u03af\u03bf \u039c\u03c5\u03ba\u03cc\u03bd\u03bf\u03c5\" \/>\n<meta property=\"article:publisher\" content=\"https:\/\/www.facebook.com\/mykonosports\" \/>\n<meta property=\"article:modified_time\" content=\"2024-06-04T08:30:08+00:00\" \/>\n<meta property=\"og:image\" content=\"https:\/\/mykonosports.gr\/wp-content\/uploads\/2023\/03\/Logo_MykonosPorts_2023.png\" \/>\n\t<meta property=\"og:image:width\" content=\"320\" \/>\n\t<meta property=\"og:image:height\" content=\"320\" \/>\n\t<meta property=\"og:image:type\" content=\"image\/png\" \/>\n<meta name=\"twitter:card\" content=\"summary_large_image\" \/>\n<meta name=\"twitter:site\" content=\"@mykonosports\" \/>\n<meta name=\"twitter:label1\" content=\"Gesch\u00e4tzte Lesezeit\" \/>\n\t<meta name=\"twitter:data1\" content=\"2\u00a0Minuten\" \/>\n<script type=\"application\/ld+json\" class=\"yoast-schema-graph\">{\"@context\":\"https:\\\/\\\/schema.org\",\"@graph\":[{\"@type\":\"WebPage\",\"@id\":\"https:\\\/\\\/mykonosports.gr\\\/de\\\/marina_reservations\\\/\",\"url\":\"https:\\\/\\\/mykonosports.gr\\\/de\\\/marina_reservations\\\/\",\"name\":\"Marina-Reservierungen - \u0394\u03b7\u03bc\u03bf\u03c4\u03b9\u03ba\u03cc \u039b\u03b9\u03bc\u03b5\u03bd\u03b9\u03ba\u03cc \u03a4\u03b1\u03bc\u03b5\u03af\u03bf \u039c\u03c5\u03ba\u03cc\u03bd\u03bf\u03c5\",\"isPartOf\":{\"@id\":\"https:\\\/\\\/mykonosports.gr\\\/en\\\/#website\"},\"datePublished\":\"2023-10-04T10:30:36+00:00\",\"dateModified\":\"2024-06-04T08:30:08+00:00\",\"breadcrumb\":{\"@id\":\"https:\\\/\\\/mykonosports.gr\\\/de\\\/marina_reservations\\\/#breadcrumb\"},\"inLanguage\":\"de\",\"potentialAction\":[{\"@type\":\"ReadAction\",\"target\":[\"https:\\\/\\\/mykonosports.gr\\\/de\\\/marina_reservations\\\/\"]}]},{\"@type\":\"BreadcrumbList\",\"@id\":\"https:\\\/\\\/mykonosports.gr\\\/de\\\/marina_reservations\\\/#breadcrumb\",\"itemListElement\":[{\"@type\":\"ListItem\",\"position\":1,\"name\":\"Home\",\"item\":\"https:\\\/\\\/mykonosports.gr\\\/de\\\/\"},{\"@type\":\"ListItem\",\"position\":2,\"name\":\"Marina-Reservierungen\"}]},{\"@type\":\"WebSite\",\"@id\":\"https:\\\/\\\/mykonosports.gr\\\/en\\\/#website\",\"url\":\"https:\\\/\\\/mykonosports.gr\\\/en\\\/\",\"name\":\"\u0394\u03b7\u03bc\u03bf\u03c4\u03b9\u03ba\u03cc \u039b\u03b9\u03bc\u03b5\u03bd\u03b9\u03ba\u03cc \u03a4\u03b1\u03bc\u03b5\u03af\u03bf \u039c\u03c5\u03ba\u03cc\u03bd\u03bf\u03c5\",\"description\":\"\",\"publisher\":{\"@id\":\"https:\\\/\\\/mykonosports.gr\\\/en\\\/#organization\"},\"potentialAction\":[{\"@type\":\"SearchAction\",\"target\":{\"@type\":\"EntryPoint\",\"urlTemplate\":\"https:\\\/\\\/mykonosports.gr\\\/en\\\/?s={search_term_string}\"},\"query-input\":{\"@type\":\"PropertyValueSpecification\",\"valueRequired\":true,\"valueName\":\"search_term_string\"}}],\"inLanguage\":\"de\"},{\"@type\":\"Organization\",\"@id\":\"https:\\\/\\\/mykonosports.gr\\\/en\\\/#organization\",\"name\":\"\u0394\u03b7\u03bc\u03bf\u03c4\u03b9\u03ba\u03cc \u039b\u03b9\u03bc\u03b5\u03bd\u03b9\u03ba\u03cc \u03a4\u03b1\u03bc\u03b5\u03af\u03bf \u039c\u03c5\u03ba\u03cc\u03bd\u03bf\u03c5\",\"url\":\"https:\\\/\\\/mykonosports.gr\\\/en\\\/\",\"logo\":{\"@type\":\"ImageObject\",\"inLanguage\":\"de\",\"@id\":\"https:\\\/\\\/mykonosports.gr\\\/en\\\/#\\\/schema\\\/logo\\\/image\\\/\",\"url\":\"https:\\\/\\\/mykonosports.gr\\\/wp-content\\\/uploads\\\/2020\\\/08\\\/logo-new-mykonosports.png\",\"contentUrl\":\"https:\\\/\\\/mykonosports.gr\\\/wp-content\\\/uploads\\\/2020\\\/08\\\/logo-new-mykonosports.png\",\"width\":1013,\"height\":980,\"caption\":\"\u0394\u03b7\u03bc\u03bf\u03c4\u03b9\u03ba\u03cc \u039b\u03b9\u03bc\u03b5\u03bd\u03b9\u03ba\u03cc \u03a4\u03b1\u03bc\u03b5\u03af\u03bf \u039c\u03c5\u03ba\u03cc\u03bd\u03bf\u03c5\"},\"image\":{\"@id\":\"https:\\\/\\\/mykonosports.gr\\\/en\\\/#\\\/schema\\\/logo\\\/image\\\/\"},\"sameAs\":[\"https:\\\/\\\/www.facebook.com\\\/mykonosports\",\"https:\\\/\\\/x.com\\\/mykonosports\"]}]}<\/script>\n<!-- \/ Yoast SEO plugin. -->","yoast_head_json":{"title":"Marina-Reservierungen - \u0394\u03b7\u03bc\u03bf\u03c4\u03b9\u03ba\u03cc \u039b\u03b9\u03bc\u03b5\u03bd\u03b9\u03ba\u03cc \u03a4\u03b1\u03bc\u03b5\u03af\u03bf \u039c\u03c5\u03ba\u03cc\u03bd\u03bf\u03c5","robots":{"index":"index","follow":"follow","max-snippet":"max-snippet:-1","max-image-preview":"max-image-preview:large","max-video-preview":"max-video-preview:-1"},"canonical":"https:\/\/mykonosports.gr\/de\/marina_reservations\/","og_locale":"de_DE","og_type":"article","og_title":"Marina-Reservierungen - \u0394\u03b7\u03bc\u03bf\u03c4\u03b9\u03ba\u03cc \u039b\u03b9\u03bc\u03b5\u03bd\u03b9\u03ba\u03cc \u03a4\u03b1\u03bc\u03b5\u03af\u03bf \u039c\u03c5\u03ba\u03cc\u03bd\u03bf\u03c5","og_description":"[vc_row][vc_column][vc_cta h2=&#8220;Tourlos Marina Reservierungen NEUER HAFEN VON MYKONOS&#8220; h4=&#8220;ACHTUNG: Die Anwendung funktioniert NUR f\u00fcr den neuen Hafen von Mykonos und f\u00fcr Boote, die kleiner als 25 m sind&#8220; add_button=&#8220;right&#8220; btn_title=&#8220;Marina-Reservierungen&#8220;&hellip;","og_url":"https:\/\/mykonosports.gr\/de\/marina_reservations\/","og_site_name":"\u0394\u03b7\u03bc\u03bf\u03c4\u03b9\u03ba\u03cc \u039b\u03b9\u03bc\u03b5\u03bd\u03b9\u03ba\u03cc \u03a4\u03b1\u03bc\u03b5\u03af\u03bf \u039c\u03c5\u03ba\u03cc\u03bd\u03bf\u03c5","article_publisher":"https:\/\/www.facebook.com\/mykonosports","article_modified_time":"2024-06-04T08:30:08+00:00","og_image":[{"width":320,"height":320,"url":"https:\/\/mykonosports.gr\/wp-content\/uploads\/2023\/03\/Logo_MykonosPorts_2023.png","type":"image\/png"}],"twitter_card":"summary_large_image","twitter_site":"@mykonosports","twitter_misc":{"Gesch\u00e4tzte Lesezeit":"2\u00a0Minuten"},"schema":{"@context":"https:\/\/schema.org","@graph":[{"@type":"WebPage","@id":"https:\/\/mykonosports.gr\/de\/marina_reservations\/","url":"https:\/\/mykonosports.gr\/de\/marina_reservations\/","name":"Marina-Reservierungen - \u0394\u03b7\u03bc\u03bf\u03c4\u03b9\u03ba\u03cc \u039b\u03b9\u03bc\u03b5\u03bd\u03b9\u03ba\u03cc \u03a4\u03b1\u03bc\u03b5\u03af\u03bf \u039c\u03c5\u03ba\u03cc\u03bd\u03bf\u03c5","isPartOf":{"@id":"https:\/\/mykonosports.gr\/en\/#website"},"datePublished":"2023-10-04T10:30:36+00:00","dateModified":"2024-06-04T08:30:08+00:00","breadcrumb":{"@id":"https:\/\/mykonosports.gr\/de\/marina_reservations\/#breadcrumb"},"inLanguage":"de","potentialAction":[{"@type":"ReadAction","target":["https:\/\/mykonosports.gr\/de\/marina_reservations\/"]}]},{"@type":"BreadcrumbList","@id":"https:\/\/mykonosports.gr\/de\/marina_reservations\/#breadcrumb","itemListElement":[{"@type":"ListItem","position":1,"name":"Home","item":"https:\/\/mykonosports.gr\/de\/"},{"@type":"ListItem","position":2,"name":"Marina-Reservierungen"}]},{"@type":"WebSite","@id":"https:\/\/mykonosports.gr\/en\/#website","url":"https:\/\/mykonosports.gr\/en\/","name":"\u0394\u03b7\u03bc\u03bf\u03c4\u03b9\u03ba\u03cc \u039b\u03b9\u03bc\u03b5\u03bd\u03b9\u03ba\u03cc \u03a4\u03b1\u03bc\u03b5\u03af\u03bf \u039c\u03c5\u03ba\u03cc\u03bd\u03bf\u03c5","description":"","publisher":{"@id":"https:\/\/mykonosports.gr\/en\/#organization"},"potentialAction":[{"@type":"SearchAction","target":{"@type":"EntryPoint","urlTemplate":"https:\/\/mykonosports.gr\/en\/?s={search_term_string}"},"query-input":{"@type":"PropertyValueSpecification","valueRequired":true,"valueName":"search_term_string"}}],"inLanguage":"de"},{"@type":"Organization","@id":"https:\/\/mykonosports.gr\/en\/#organization","name":"\u0394\u03b7\u03bc\u03bf\u03c4\u03b9\u03ba\u03cc \u039b\u03b9\u03bc\u03b5\u03bd\u03b9\u03ba\u03cc \u03a4\u03b1\u03bc\u03b5\u03af\u03bf \u039c\u03c5\u03ba\u03cc\u03bd\u03bf\u03c5","url":"https:\/\/mykonosports.gr\/en\/","logo":{"@type":"ImageObject","inLanguage":"de","@id":"https:\/\/mykonosports.gr\/en\/#\/schema\/logo\/image\/","url":"https:\/\/mykonosports.gr\/wp-content\/uploads\/2020\/08\/logo-new-mykonosports.png","contentUrl":"https:\/\/mykonosports.gr\/wp-content\/uploads\/2020\/08\/logo-new-mykonosports.png","width":1013,"height":980,"caption":"\u0394\u03b7\u03bc\u03bf\u03c4\u03b9\u03ba\u03cc \u039b\u03b9\u03bc\u03b5\u03bd\u03b9\u03ba\u03cc \u03a4\u03b1\u03bc\u03b5\u03af\u03bf \u039c\u03c5\u03ba\u03cc\u03bd\u03bf\u03c5"},"image":{"@id":"https:\/\/mykonosports.gr\/en\/#\/schema\/logo\/image\/"},"sameAs":["https:\/\/www.facebook.com\/mykonosports","https:\/\/x.com\/mykonosports"]}]}},"_links":{"self":[{"href":"https:\/\/mykonosports.gr\/de\/wp-json\/wp\/v2\/pages\/330385","targetHints":{"allow":["GET"]}}],"collection":[{"href":"https:\/\/mykonosports.gr\/de\/wp-json\/wp\/v2\/pages"}],"about":[{"href":"https:\/\/mykonosports.gr\/de\/wp-json\/wp\/v2\/types\/page"}],"author":[{"embeddable":true,"href":"https:\/\/mykonosports.gr\/de\/wp-json\/wp\/v2\/users\/1"}],"replies":[{"embeddable":true,"href":"https:\/\/mykonosports.gr\/de\/wp-json\/wp\/v2\/comments?post=330385"}],"version-history":[{"count":3,"href":"https:\/\/mykonosports.gr\/de\/wp-json\/wp\/v2\/pages\/330385\/revisions"}],"predecessor-version":[{"id":379354,"href":"https:\/\/mykonosports.gr\/de\/wp-json\/wp\/v2\/pages\/330385\/revisions\/379354"}],"wp:attachment":[{"href":"https:\/\/mykonosports.gr\/de\/wp-json\/wp\/v2\/media?parent=330385"}],"curies":[{"name":"wp","href":"https:\/\/api.w.org\/{rel}","templated":true}]}}