{"id":240315,"date":"2017-02-04T06:59:22","date_gmt":"2017-02-04T04:59:22","guid":{"rendered":"https:\/\/mykonosports.gr\/studies-projects\/"},"modified":"2022-08-22T16:07:45","modified_gmt":"2022-08-22T14:07:45","slug":"studies-projects","status":"publish","type":"page","link":"https:\/\/mykonosports.gr\/de\/studies-projects\/","title":{"rendered":"Studien-Projekte"},"content":{"rendered":"<p>Projekte \/ Studien<\/p>\n<p>Seit 1991 wurde eine Studie in Auftrag gegeben, um das Entwicklungspotential von Mykonos hervorzuheben, um die notwendige moderne Infrastruktur zu planen, damit es auf das sich \u00e4ndernde und dynamische Ph\u00e4nomen des Tourismus reagieren kann. Der Schwerpunkt dieser Entwicklungspolitik lag darauf, das empfindliche Gleichgewicht zwischen der Ausbeutung nat\u00fcrlicher Ressourcen und der Bewahrung der nat\u00fcrlichen\/von Menschenhand geschaffenen Umwelt und der Farbe der Insel sicherzustellen.<\/p>\n<p>&nbsp;<\/p>\n<p>PROJEKTE IM BAU<\/p>\n<ol>\n<li><b>\u00a0 \u00a0 Bau des neuen Hafens in Tourlos Bay durch das Innenministerium<\/b><\/li>\n<\/ol>\n<p>BESCHREIBUNG: Der neue Hafen von Mykonos wurde geschaffen, um den st\u00e4ndig steigenden Transportbedarf der Insel zu decken und wird nach seiner Fertigstellung ein gro\u00dfes Infrastrukturprojekt f\u00fcr Mykonos darstellen.<\/p>\n<p>STUFE: Phase III.<\/p>\n<p>&nbsp;<\/p>\n<p><b>\u00a0\u00a0 2.\u00a0 Erweiterung der Landfl\u00e4che n\u00f6rdlich des alten Hafens.<\/b><br \/>\n<b><\/b><\/p>\n<p>BESCHREIBUNG: Erschlie\u00dfung einer Insel mit Parkpl\u00e4tzen, Schaffung eines Fischereischutzes, eines Kanals, Standort einer Passagierstation, einer Fischtreppe, Geb\u00e4ude der Mykonos Naval Group, Umbau eines Schlachthausgeb\u00e4udes in einen Minimarkt, Standort eines Abfallabsorptionsgeb\u00e4udes.<\/p>\n<p>STUFE: Ausgrabungen, Erdarbeiten und topografische Untersuchungen.<\/p>\n<p>STUDIEN<\/p>\n<p><b>\u00a01.\u00a0 Studie \u00fcber den Bau eines Querarms zum Anlegen von Booten am s\u00fcdlichen Pier des alten Hafens von Mykonos.<\/b><br \/>\n<b><\/b><\/p>\n<p>BESCHREIBUNG: Schaffung eines neuen Querarms parallel zum bestehenden von Ag. Nikolaou, f\u00fcr das Anlegen von Fischerbooten und Vergn\u00fcgungsbooten, die feste Positionen f\u00fcr das Heck\/Anlegen einer betr\u00e4chtlichen Anzahl von Booten bieten werden, Nutzung der Nordfront des bestehenden Arms, Bereitstellung von Liegepl\u00e4tzen f\u00fcr die Anfahrt von Tagesbooten Ausfl\u00fcge nach Delos, Verbesserung der Arbeitsbedingungen der Fischer .<\/p>\n<p>STUFE: Die Abschlussstudie, die Ausschreibungsunterlagen sind abgeschlossen, es befindet sich in der Phase der Umweltvertr\u00e4glichkeitsstudie f\u00fcr den gesamten alten Hafen von Mykonos.<\/p>\n<p><b>\u00a0 2.\u00a0 Optimierung der Nutzung der Hafenanlagen des Alten Hafens von Mykonos.<\/b><br \/>\n<b><\/b><\/p>\n<p>BESCHREIBUNG: Studie zur Untersuchung der Bedingungen, unter denen es m\u00f6glich sein wird, den alten Hafen von Mykonos f\u00fcr Yachten wiederzuverwenden, in Kombination mit der Formulierung eines allgemeineren Managementplans f\u00fcr die bestehende Hafeninfrastruktur mit technisch-\u00f6konomischen Kriterien zum Nutzen des Inseltourismus. Dazu geh\u00f6rt auch die Identifizierung der zus\u00e4tzlich erforderlichen und beschriebenen Arbeiten und Einrichtungen im Vorfeld.<\/p>\n<p>STUFE: Vorstudium.<\/p>\n<p>3.\u00a0 Bau des Karaoli- und Dimitriou-Platzes.<\/p>\n<p>BESCHREIBUNG: Entwurfsstudie des Karaoli &amp; Dimitriou-Platzes und Neugestaltung der weiteren Umgebung mit dem Ziel, die Umgebung des Rathauses mit dem Mavrou-Geb\u00e4ude zu vereinen.<\/p>\n<p>STUFE: Vorstudium.<\/p>\n<p>4.\u00a0\u00a0\u00a0 Studie einer Hafenanlage zum Entladen von Zuschlagstoffen im Hafen von Lulou.<br \/>\n<b><\/b><\/p>\n<p>BESCHREIBUNG: F\u00fcnf Alternativen f\u00fcr das Entladen von Zuschlagstoffen im Hafen von Loulou mit einer vergleichenden Beschreibung der Vor- und Nachteile und einem indikativen Projektbudget.<\/p>\n<p>STUFE: Vorstudium.<\/p>\n<p>&nbsp;<\/p>\n","protected":false},"excerpt":{"rendered":"<p>Projekte \/ Studien Seit 1991 wurde eine Studie in Auftrag gegeben, um das Entwicklungspotential von Mykonos hervorzuheben, um die notwendige moderne Infrastruktur zu planen, damit es auf das sich \u00e4ndernde&hellip;<\/p>\n","protected":false},"author":1,"featured_media":0,"parent":0,"menu_order":0,"comment_status":"closed","ping_status":"closed","template":"","meta":{"footnotes":""},"class_list":["post-240315","page","type-page","status-publish","hentry"],"yoast_head":"<!-- This site is optimized with the Yoast SEO plugin v27.3 - https:\/\/yoast.com\/product\/yoast-seo-wordpress\/ -->\n<title>Studien-Projekte - \u0394\u03b7\u03bc\u03bf\u03c4\u03b9\u03ba\u03cc \u039b\u03b9\u03bc\u03b5\u03bd\u03b9\u03ba\u03cc \u03a4\u03b1\u03bc\u03b5\u03af\u03bf \u039c\u03c5\u03ba\u03cc\u03bd\u03bf\u03c5<\/title>\n<meta name=\"robots\" content=\"index, follow, max-snippet:-1, max-image-preview:large, max-video-preview:-1\" \/>\n<link rel=\"canonical\" href=\"https:\/\/mykonosports.gr\/de\/studies-projects\/\" \/>\n<meta property=\"og:locale\" content=\"de_DE\" \/>\n<meta property=\"og:type\" content=\"article\" \/>\n<meta property=\"og:title\" content=\"Studien-Projekte - \u0394\u03b7\u03bc\u03bf\u03c4\u03b9\u03ba\u03cc \u039b\u03b9\u03bc\u03b5\u03bd\u03b9\u03ba\u03cc \u03a4\u03b1\u03bc\u03b5\u03af\u03bf \u039c\u03c5\u03ba\u03cc\u03bd\u03bf\u03c5\" \/>\n<meta property=\"og:description\" content=\"Projekte \/ Studien Seit 1991 wurde eine Studie in Auftrag gegeben, um das Entwicklungspotential von Mykonos hervorzuheben, um die notwendige moderne Infrastruktur zu planen, damit es auf das sich \u00e4ndernde&hellip;\" \/>\n<meta property=\"og:url\" content=\"https:\/\/mykonosports.gr\/de\/studies-projects\/\" \/>\n<meta property=\"og:site_name\" content=\"\u0394\u03b7\u03bc\u03bf\u03c4\u03b9\u03ba\u03cc \u039b\u03b9\u03bc\u03b5\u03bd\u03b9\u03ba\u03cc \u03a4\u03b1\u03bc\u03b5\u03af\u03bf \u039c\u03c5\u03ba\u03cc\u03bd\u03bf\u03c5\" \/>\n<meta property=\"article:publisher\" content=\"https:\/\/www.facebook.com\/mykonosports\" \/>\n<meta property=\"article:modified_time\" content=\"2022-08-22T14:07:45+00:00\" \/>\n<meta property=\"og:image\" content=\"https:\/\/mykonosports.gr\/wp-content\/uploads\/2023\/03\/Logo_MykonosPorts_2023.png\" \/>\n\t<meta property=\"og:image:width\" content=\"320\" \/>\n\t<meta property=\"og:image:height\" content=\"320\" \/>\n\t<meta property=\"og:image:type\" content=\"image\/png\" \/>\n<meta name=\"twitter:card\" content=\"summary_large_image\" \/>\n<meta name=\"twitter:site\" content=\"@mykonosports\" \/>\n<meta name=\"twitter:label1\" content=\"Gesch\u00e4tzte Lesezeit\" \/>\n\t<meta name=\"twitter:data1\" content=\"2\u00a0Minuten\" \/>\n<script type=\"application\/ld+json\" class=\"yoast-schema-graph\">{\"@context\":\"https:\\\/\\\/schema.org\",\"@graph\":[{\"@type\":\"WebPage\",\"@id\":\"https:\\\/\\\/mykonosports.gr\\\/de\\\/studies-projects\\\/\",\"url\":\"https:\\\/\\\/mykonosports.gr\\\/de\\\/studies-projects\\\/\",\"name\":\"Studien-Projekte - \u0394\u03b7\u03bc\u03bf\u03c4\u03b9\u03ba\u03cc \u039b\u03b9\u03bc\u03b5\u03bd\u03b9\u03ba\u03cc \u03a4\u03b1\u03bc\u03b5\u03af\u03bf \u039c\u03c5\u03ba\u03cc\u03bd\u03bf\u03c5\",\"isPartOf\":{\"@id\":\"https:\\\/\\\/mykonosports.gr\\\/en\\\/#website\"},\"datePublished\":\"2017-02-04T04:59:22+00:00\",\"dateModified\":\"2022-08-22T14:07:45+00:00\",\"breadcrumb\":{\"@id\":\"https:\\\/\\\/mykonosports.gr\\\/de\\\/studies-projects\\\/#breadcrumb\"},\"inLanguage\":\"de\",\"potentialAction\":[{\"@type\":\"ReadAction\",\"target\":[\"https:\\\/\\\/mykonosports.gr\\\/de\\\/studies-projects\\\/\"]}]},{\"@type\":\"BreadcrumbList\",\"@id\":\"https:\\\/\\\/mykonosports.gr\\\/de\\\/studies-projects\\\/#breadcrumb\",\"itemListElement\":[{\"@type\":\"ListItem\",\"position\":1,\"name\":\"Home\",\"item\":\"https:\\\/\\\/mykonosports.gr\\\/de\\\/\"},{\"@type\":\"ListItem\",\"position\":2,\"name\":\"Studien-Projekte\"}]},{\"@type\":\"WebSite\",\"@id\":\"https:\\\/\\\/mykonosports.gr\\\/en\\\/#website\",\"url\":\"https:\\\/\\\/mykonosports.gr\\\/en\\\/\",\"name\":\"\u0394\u03b7\u03bc\u03bf\u03c4\u03b9\u03ba\u03cc \u039b\u03b9\u03bc\u03b5\u03bd\u03b9\u03ba\u03cc \u03a4\u03b1\u03bc\u03b5\u03af\u03bf \u039c\u03c5\u03ba\u03cc\u03bd\u03bf\u03c5\",\"description\":\"\",\"publisher\":{\"@id\":\"https:\\\/\\\/mykonosports.gr\\\/en\\\/#organization\"},\"potentialAction\":[{\"@type\":\"SearchAction\",\"target\":{\"@type\":\"EntryPoint\",\"urlTemplate\":\"https:\\\/\\\/mykonosports.gr\\\/en\\\/?s={search_term_string}\"},\"query-input\":{\"@type\":\"PropertyValueSpecification\",\"valueRequired\":true,\"valueName\":\"search_term_string\"}}],\"inLanguage\":\"de\"},{\"@type\":\"Organization\",\"@id\":\"https:\\\/\\\/mykonosports.gr\\\/en\\\/#organization\",\"name\":\"\u0394\u03b7\u03bc\u03bf\u03c4\u03b9\u03ba\u03cc \u039b\u03b9\u03bc\u03b5\u03bd\u03b9\u03ba\u03cc \u03a4\u03b1\u03bc\u03b5\u03af\u03bf \u039c\u03c5\u03ba\u03cc\u03bd\u03bf\u03c5\",\"url\":\"https:\\\/\\\/mykonosports.gr\\\/en\\\/\",\"logo\":{\"@type\":\"ImageObject\",\"inLanguage\":\"de\",\"@id\":\"https:\\\/\\\/mykonosports.gr\\\/en\\\/#\\\/schema\\\/logo\\\/image\\\/\",\"url\":\"https:\\\/\\\/mykonosports.gr\\\/wp-content\\\/uploads\\\/2020\\\/08\\\/logo-new-mykonosports.png\",\"contentUrl\":\"https:\\\/\\\/mykonosports.gr\\\/wp-content\\\/uploads\\\/2020\\\/08\\\/logo-new-mykonosports.png\",\"width\":1013,\"height\":980,\"caption\":\"\u0394\u03b7\u03bc\u03bf\u03c4\u03b9\u03ba\u03cc \u039b\u03b9\u03bc\u03b5\u03bd\u03b9\u03ba\u03cc \u03a4\u03b1\u03bc\u03b5\u03af\u03bf \u039c\u03c5\u03ba\u03cc\u03bd\u03bf\u03c5\"},\"image\":{\"@id\":\"https:\\\/\\\/mykonosports.gr\\\/en\\\/#\\\/schema\\\/logo\\\/image\\\/\"},\"sameAs\":[\"https:\\\/\\\/www.facebook.com\\\/mykonosports\",\"https:\\\/\\\/x.com\\\/mykonosports\"]}]}<\/script>\n<!-- \/ Yoast SEO plugin. -->","yoast_head_json":{"title":"Studien-Projekte - \u0394\u03b7\u03bc\u03bf\u03c4\u03b9\u03ba\u03cc \u039b\u03b9\u03bc\u03b5\u03bd\u03b9\u03ba\u03cc \u03a4\u03b1\u03bc\u03b5\u03af\u03bf \u039c\u03c5\u03ba\u03cc\u03bd\u03bf\u03c5","robots":{"index":"index","follow":"follow","max-snippet":"max-snippet:-1","max-image-preview":"max-image-preview:large","max-video-preview":"max-video-preview:-1"},"canonical":"https:\/\/mykonosports.gr\/de\/studies-projects\/","og_locale":"de_DE","og_type":"article","og_title":"Studien-Projekte - \u0394\u03b7\u03bc\u03bf\u03c4\u03b9\u03ba\u03cc \u039b\u03b9\u03bc\u03b5\u03bd\u03b9\u03ba\u03cc \u03a4\u03b1\u03bc\u03b5\u03af\u03bf \u039c\u03c5\u03ba\u03cc\u03bd\u03bf\u03c5","og_description":"Projekte \/ Studien Seit 1991 wurde eine Studie in Auftrag gegeben, um das Entwicklungspotential von Mykonos hervorzuheben, um die notwendige moderne Infrastruktur zu planen, damit es auf das sich \u00e4ndernde&hellip;","og_url":"https:\/\/mykonosports.gr\/de\/studies-projects\/","og_site_name":"\u0394\u03b7\u03bc\u03bf\u03c4\u03b9\u03ba\u03cc \u039b\u03b9\u03bc\u03b5\u03bd\u03b9\u03ba\u03cc \u03a4\u03b1\u03bc\u03b5\u03af\u03bf \u039c\u03c5\u03ba\u03cc\u03bd\u03bf\u03c5","article_publisher":"https:\/\/www.facebook.com\/mykonosports","article_modified_time":"2022-08-22T14:07:45+00:00","og_image":[{"width":320,"height":320,"url":"https:\/\/mykonosports.gr\/wp-content\/uploads\/2023\/03\/Logo_MykonosPorts_2023.png","type":"image\/png"}],"twitter_card":"summary_large_image","twitter_site":"@mykonosports","twitter_misc":{"Gesch\u00e4tzte Lesezeit":"2\u00a0Minuten"},"schema":{"@context":"https:\/\/schema.org","@graph":[{"@type":"WebPage","@id":"https:\/\/mykonosports.gr\/de\/studies-projects\/","url":"https:\/\/mykonosports.gr\/de\/studies-projects\/","name":"Studien-Projekte - \u0394\u03b7\u03bc\u03bf\u03c4\u03b9\u03ba\u03cc \u039b\u03b9\u03bc\u03b5\u03bd\u03b9\u03ba\u03cc \u03a4\u03b1\u03bc\u03b5\u03af\u03bf \u039c\u03c5\u03ba\u03cc\u03bd\u03bf\u03c5","isPartOf":{"@id":"https:\/\/mykonosports.gr\/en\/#website"},"datePublished":"2017-02-04T04:59:22+00:00","dateModified":"2022-08-22T14:07:45+00:00","breadcrumb":{"@id":"https:\/\/mykonosports.gr\/de\/studies-projects\/#breadcrumb"},"inLanguage":"de","potentialAction":[{"@type":"ReadAction","target":["https:\/\/mykonosports.gr\/de\/studies-projects\/"]}]},{"@type":"BreadcrumbList","@id":"https:\/\/mykonosports.gr\/de\/studies-projects\/#breadcrumb","itemListElement":[{"@type":"ListItem","position":1,"name":"Home","item":"https:\/\/mykonosports.gr\/de\/"},{"@type":"ListItem","position":2,"name":"Studien-Projekte"}]},{"@type":"WebSite","@id":"https:\/\/mykonosports.gr\/en\/#website","url":"https:\/\/mykonosports.gr\/en\/","name":"\u0394\u03b7\u03bc\u03bf\u03c4\u03b9\u03ba\u03cc \u039b\u03b9\u03bc\u03b5\u03bd\u03b9\u03ba\u03cc \u03a4\u03b1\u03bc\u03b5\u03af\u03bf \u039c\u03c5\u03ba\u03cc\u03bd\u03bf\u03c5","description":"","publisher":{"@id":"https:\/\/mykonosports.gr\/en\/#organization"},"potentialAction":[{"@type":"SearchAction","target":{"@type":"EntryPoint","urlTemplate":"https:\/\/mykonosports.gr\/en\/?s={search_term_string}"},"query-input":{"@type":"PropertyValueSpecification","valueRequired":true,"valueName":"search_term_string"}}],"inLanguage":"de"},{"@type":"Organization","@id":"https:\/\/mykonosports.gr\/en\/#organization","name":"\u0394\u03b7\u03bc\u03bf\u03c4\u03b9\u03ba\u03cc \u039b\u03b9\u03bc\u03b5\u03bd\u03b9\u03ba\u03cc \u03a4\u03b1\u03bc\u03b5\u03af\u03bf \u039c\u03c5\u03ba\u03cc\u03bd\u03bf\u03c5","url":"https:\/\/mykonosports.gr\/en\/","logo":{"@type":"ImageObject","inLanguage":"de","@id":"https:\/\/mykonosports.gr\/en\/#\/schema\/logo\/image\/","url":"https:\/\/mykonosports.gr\/wp-content\/uploads\/2020\/08\/logo-new-mykonosports.png","contentUrl":"https:\/\/mykonosports.gr\/wp-content\/uploads\/2020\/08\/logo-new-mykonosports.png","width":1013,"height":980,"caption":"\u0394\u03b7\u03bc\u03bf\u03c4\u03b9\u03ba\u03cc \u039b\u03b9\u03bc\u03b5\u03bd\u03b9\u03ba\u03cc \u03a4\u03b1\u03bc\u03b5\u03af\u03bf \u039c\u03c5\u03ba\u03cc\u03bd\u03bf\u03c5"},"image":{"@id":"https:\/\/mykonosports.gr\/en\/#\/schema\/logo\/image\/"},"sameAs":["https:\/\/www.facebook.com\/mykonosports","https:\/\/x.com\/mykonosports"]}]}},"_links":{"self":[{"href":"https:\/\/mykonosports.gr\/de\/wp-json\/wp\/v2\/pages\/240315","targetHints":{"allow":["GET"]}}],"collection":[{"href":"https:\/\/mykonosports.gr\/de\/wp-json\/wp\/v2\/pages"}],"about":[{"href":"https:\/\/mykonosports.gr\/de\/wp-json\/wp\/v2\/types\/page"}],"author":[{"embeddable":true,"href":"https:\/\/mykonosports.gr\/de\/wp-json\/wp\/v2\/users\/1"}],"replies":[{"embeddable":true,"href":"https:\/\/mykonosports.gr\/de\/wp-json\/wp\/v2\/comments?post=240315"}],"version-history":[{"count":2,"href":"https:\/\/mykonosports.gr\/de\/wp-json\/wp\/v2\/pages\/240315\/revisions"}],"predecessor-version":[{"id":240331,"href":"https:\/\/mykonosports.gr\/de\/wp-json\/wp\/v2\/pages\/240315\/revisions\/240331"}],"wp:attachment":[{"href":"https:\/\/mykonosports.gr\/de\/wp-json\/wp\/v2\/media?parent=240315"}],"curies":[{"name":"wp","href":"https:\/\/api.w.org\/{rel}","templated":true}]}}