{"id":158751,"date":"2017-03-23T13:55:55","date_gmt":"2017-03-23T11:55:55","guid":{"rendered":"https:\/\/mykonosports.gr\/functions\/"},"modified":"2021-09-09T06:10:14","modified_gmt":"2021-09-09T04:10:14","slug":"functions","status":"publish","type":"page","link":"https:\/\/mykonosports.gr\/de\/functions\/","title":{"rendered":"Verantwortlichkeiten"},"content":{"rendered":"<div class=\"wpb-content-wrapper\"><p>[vc_row][vc_column][vc_column_text]<\/p>\n<h3>Der St\u00e4dtische Hafenfonds von Mykonos wurde 2003 gem\u00e4\u00df den folgenden Pr\u00e4sidialdekreten und Beschl\u00fcssen des Generalsekretariats der Region eingerichtet:<\/h3>\n<blockquote><p>Die P. D. 28\/2003 (Regierungsanzeiger A &#8217;34\/2003) &#8222;Abschaffung der Kykladen-Pr\u00e4fektur&#8220;.<\/p>\n<p>Der Beschluss Nr. 12011\/2003 des Generalsekret\u00e4rs der Region (Staatsanzeiger A &#8218;1847\/2003) \u201eAbstimmung der Internen Dienstorganisation der DLT. Mykonos, Pr\u00e4fektur Kykladen&#8220;.<\/p>\n<p>Regierungsanzeiger Nr. 1847BD \/ 11.12.03 (ge\u00e4ndert durch Beschluss Nr. 4453\/04 des Generalsekret\u00e4rs der Region S\u00fcdliche \u00c4g\u00e4is), der die interne Serviceorganisation der kommunalen Rechtspers\u00f6nlichkeit des st\u00e4dtischen Hafenfonds der Pr\u00e4fektur Mykonos definiert Kykladen&#8220;.<\/p><\/blockquote>\n<h3>Die Aufgaben des Gremiums sind wie folgt:<\/h3>\n<p>&nbsp;<\/p>\n<h3>Amt f\u00fcr Rechtsangelegenheiten.<\/h3>\n<blockquote><p>F\u00fchren Sie eine Akte \u00fcber Rechtsf\u00e4lle.<br \/>\nVertretung und Verteidigung der Interessen von DLTM vor Gericht.<br \/>\nDas Gutachten zu Rechtsfragen.<br \/>\nDie rechtliche Gestaltung von Vertr\u00e4gen.<\/p><\/blockquote>\n<h3>Abteilung f\u00fcr Verwaltungs- und Finanzdienstleistungen.<\/h3>\n<blockquote><p>Die Bearbeitung aller Angelegenheiten administrativer Art.<br \/>\nDie Bearbeitung aller Fragen im Zusammenhang mit der Einstellung von Mitarbeitern, \u00dcberwachung der einschl\u00e4gigen Rechtsvorschriften, Aktualisierung von Einzelakten, Urlaubsrenten usw.<br \/>\nEmpfang des eingehenden\/ausgehenden Mailprotokolls, Archivierung.<br \/>\nSekretariatsunterst\u00fctzung, Vervielf\u00e4ltigung von Formularen, Schreibarbeiten, Callcenter.<br \/>\nDie Sorge um die Verwahrung &#8211; Instandhaltung der Geb\u00e4udeausstattung, Sauberkeit etc.<br \/>\nDie Sorge um die rechtzeitige Pr\u00fcfung der von den B\u00fcrgern eingereichten Beschwerden und deren g\u00fcltige Informationen zu den sie betreffenden Angelegenheiten.<br \/>\nBetreuung der Vorbereitung &#8211; \u00c4nderung des Jahresbudgets und \u00dcberwachung seiner Umsetzung.<br \/>\nDie Erstellung eines Jahresberichts &#8211; Bilanz.<br \/>\nDie Verwaltung allf\u00e4lliger Ausgaben sowie die Liquidation von Geh\u00e4ltern und Zulagen des Personals.<br \/>\nDie Sorge um die Einziehung aller Einnahmen und die Zahlung aller Verpflichtungen des Hafenfonds.<\/p><\/blockquote>\n<h3>Abteilung f\u00fcr technische Dienste. Planung &#8211; Studium &#8211; Betreuungsb\u00fcro.<\/h3>\n<blockquote><p>Die Ausarbeitung des Entwicklungsprogramms der Einrichtungen des Zust\u00e4ndigkeitsbereichs des Hafenfonds.<br \/>\nDie Bearbeitung von Fragen der Hafenzonen sowie Fragen der Stra\u00dfenplanung, Raumordnung und Enteignungen.<br \/>\nDie Ausarbeitung von technisch-\u00f6konomischen Studien von Infrastrukturprojekten und Geb\u00e4uden.<br \/>\nDie Erfassung der Werke und Einrichtungen des Hafens.<br \/>\nDie Salonfunktion.<br \/>\nDie Versteigerung, \u00dcberwachung, \u00dcberwachung, Betrieb, Entgegennahme, Wartung, Renovierung und Reparatur von Projekten und allen Arten von Einrichtungen des Hafenfonds.<br \/>\nDurchf\u00fchrung kleiner Projekte mit Eigen\u00fcberwachung.<br \/>\nDie Pflege des Gr\u00fcns in den Zust\u00e4ndigkeitsbereichen des Hafenfonds.<br \/>\nDie Ausarbeitung von Regelungen f\u00fcr die Nutzung der Projekte und Einrichtungen des Hafenfonds.<br \/>\nPflege und Aktualisierung einer Projektdatei.<\/p><\/blockquote>\n<h3>B\u00fcro f\u00fcr Elektro- und Maschinenwartung.<\/h3>\n<blockquote><p>Ausarbeitung eines Programms und Studien zur Entwicklung und Erneuerung elektromagnetischer Ger\u00e4te.<br \/>\nDas Studium und die Ausarbeitung von technischen Spezifikationen f\u00fcr die Lieferung von Maschinen, Schiffen und allen Arten von elektromechanischen und elektrischen Ger\u00e4ten.<br \/>\nDas Studium und die Ausarbeitung von technischen Spezifikationen f\u00fcr die Lieferung von Maschinen zur Vermeidung von Unf\u00e4llen und Sch\u00e4den.<br \/>\nDie Reparatur und Wartung von elektromechanischen Ger\u00e4ten, Maschinenanlagen und Beh\u00e4ltern und deren Bereitschaft.<br \/>\nKraftstoff- und Schmierstoffmanagement<br \/>\nDie F\u00fchrung eines Registers und einer Akte \u00fcber elektromechanische, elektrische Ausr\u00fcstungen au\u00dferhalb von Computersystemen, die zum Amt f\u00fcr Verwaltung &#8211; Finanzdienstleistungen und deren Kosten geh\u00f6ren.<\/p><\/blockquote>\n<h3>Reinigungstisch<\/h3>\n<blockquote><p>Die Sorge um die Sauberkeit und Ordnung der Gemeinschaftsr\u00e4ume, Land- und Seebereich obliegt dem Hafenfonds.<\/p><\/blockquote>\n<p>[\/vc_column_text][vc_separator][\/vc_column][\/vc_row]<\/p>\n<\/div>","protected":false},"excerpt":{"rendered":"<p>[vc_row][vc_column][vc_column_text] Der St\u00e4dtische Hafenfonds von Mykonos wurde 2003 gem\u00e4\u00df den folgenden Pr\u00e4sidialdekreten und Beschl\u00fcssen des Generalsekretariats der Region eingerichtet: Die P. D. 28\/2003 (Regierungsanzeiger A &#8217;34\/2003) &#8222;Abschaffung der Kykladen-Pr\u00e4fektur&#8220;. Der&hellip;<\/p>\n","protected":false},"author":1,"featured_media":0,"parent":0,"menu_order":0,"comment_status":"closed","ping_status":"closed","template":"template-full-width.php","meta":{"footnotes":""},"class_list":["post-158751","page","type-page","status-publish","hentry"],"yoast_head":"<!-- This site is optimized with the Yoast SEO plugin v27.3 - https:\/\/yoast.com\/product\/yoast-seo-wordpress\/ -->\n<title>Verantwortlichkeiten - \u0394\u03b7\u03bc\u03bf\u03c4\u03b9\u03ba\u03cc \u039b\u03b9\u03bc\u03b5\u03bd\u03b9\u03ba\u03cc \u03a4\u03b1\u03bc\u03b5\u03af\u03bf \u039c\u03c5\u03ba\u03cc\u03bd\u03bf\u03c5<\/title>\n<meta name=\"robots\" content=\"index, follow, max-snippet:-1, max-image-preview:large, max-video-preview:-1\" \/>\n<link rel=\"canonical\" href=\"https:\/\/mykonosports.gr\/de\/functions\/\" \/>\n<meta property=\"og:locale\" content=\"de_DE\" \/>\n<meta property=\"og:type\" content=\"article\" \/>\n<meta property=\"og:title\" content=\"Verantwortlichkeiten - \u0394\u03b7\u03bc\u03bf\u03c4\u03b9\u03ba\u03cc \u039b\u03b9\u03bc\u03b5\u03bd\u03b9\u03ba\u03cc \u03a4\u03b1\u03bc\u03b5\u03af\u03bf \u039c\u03c5\u03ba\u03cc\u03bd\u03bf\u03c5\" \/>\n<meta property=\"og:description\" content=\"[vc_row][vc_column][vc_column_text] Der St\u00e4dtische Hafenfonds von Mykonos wurde 2003 gem\u00e4\u00df den folgenden Pr\u00e4sidialdekreten und Beschl\u00fcssen des Generalsekretariats der Region eingerichtet: Die P. D. 28\/2003 (Regierungsanzeiger A &#8217;34\/2003) &#8222;Abschaffung der Kykladen-Pr\u00e4fektur&#8220;. Der&hellip;\" \/>\n<meta property=\"og:url\" content=\"https:\/\/mykonosports.gr\/de\/functions\/\" \/>\n<meta property=\"og:site_name\" content=\"\u0394\u03b7\u03bc\u03bf\u03c4\u03b9\u03ba\u03cc \u039b\u03b9\u03bc\u03b5\u03bd\u03b9\u03ba\u03cc \u03a4\u03b1\u03bc\u03b5\u03af\u03bf \u039c\u03c5\u03ba\u03cc\u03bd\u03bf\u03c5\" \/>\n<meta property=\"article:publisher\" content=\"https:\/\/www.facebook.com\/mykonosports\" \/>\n<meta property=\"article:modified_time\" content=\"2021-09-09T04:10:14+00:00\" \/>\n<meta property=\"og:image\" content=\"https:\/\/mykonosports.gr\/wp-content\/uploads\/2023\/03\/Logo_MykonosPorts_2023.png\" \/>\n\t<meta property=\"og:image:width\" content=\"320\" \/>\n\t<meta property=\"og:image:height\" content=\"320\" \/>\n\t<meta property=\"og:image:type\" content=\"image\/png\" \/>\n<meta name=\"twitter:card\" content=\"summary_large_image\" \/>\n<meta name=\"twitter:site\" content=\"@mykonosports\" \/>\n<meta name=\"twitter:label1\" content=\"Gesch\u00e4tzte Lesezeit\" \/>\n\t<meta name=\"twitter:data1\" content=\"3\u00a0Minuten\" \/>\n<script type=\"application\/ld+json\" class=\"yoast-schema-graph\">{\"@context\":\"https:\\\/\\\/schema.org\",\"@graph\":[{\"@type\":\"WebPage\",\"@id\":\"https:\\\/\\\/mykonosports.gr\\\/de\\\/functions\\\/\",\"url\":\"https:\\\/\\\/mykonosports.gr\\\/de\\\/functions\\\/\",\"name\":\"Verantwortlichkeiten - \u0394\u03b7\u03bc\u03bf\u03c4\u03b9\u03ba\u03cc \u039b\u03b9\u03bc\u03b5\u03bd\u03b9\u03ba\u03cc \u03a4\u03b1\u03bc\u03b5\u03af\u03bf \u039c\u03c5\u03ba\u03cc\u03bd\u03bf\u03c5\",\"isPartOf\":{\"@id\":\"https:\\\/\\\/mykonosports.gr\\\/en\\\/#website\"},\"datePublished\":\"2017-03-23T11:55:55+00:00\",\"dateModified\":\"2021-09-09T04:10:14+00:00\",\"breadcrumb\":{\"@id\":\"https:\\\/\\\/mykonosports.gr\\\/de\\\/functions\\\/#breadcrumb\"},\"inLanguage\":\"de\",\"potentialAction\":[{\"@type\":\"ReadAction\",\"target\":[\"https:\\\/\\\/mykonosports.gr\\\/de\\\/functions\\\/\"]}]},{\"@type\":\"BreadcrumbList\",\"@id\":\"https:\\\/\\\/mykonosports.gr\\\/de\\\/functions\\\/#breadcrumb\",\"itemListElement\":[{\"@type\":\"ListItem\",\"position\":1,\"name\":\"Home\",\"item\":\"https:\\\/\\\/mykonosports.gr\\\/de\\\/\"},{\"@type\":\"ListItem\",\"position\":2,\"name\":\"Verantwortlichkeiten\"}]},{\"@type\":\"WebSite\",\"@id\":\"https:\\\/\\\/mykonosports.gr\\\/en\\\/#website\",\"url\":\"https:\\\/\\\/mykonosports.gr\\\/en\\\/\",\"name\":\"\u0394\u03b7\u03bc\u03bf\u03c4\u03b9\u03ba\u03cc \u039b\u03b9\u03bc\u03b5\u03bd\u03b9\u03ba\u03cc \u03a4\u03b1\u03bc\u03b5\u03af\u03bf \u039c\u03c5\u03ba\u03cc\u03bd\u03bf\u03c5\",\"description\":\"\",\"publisher\":{\"@id\":\"https:\\\/\\\/mykonosports.gr\\\/en\\\/#organization\"},\"potentialAction\":[{\"@type\":\"SearchAction\",\"target\":{\"@type\":\"EntryPoint\",\"urlTemplate\":\"https:\\\/\\\/mykonosports.gr\\\/en\\\/?s={search_term_string}\"},\"query-input\":{\"@type\":\"PropertyValueSpecification\",\"valueRequired\":true,\"valueName\":\"search_term_string\"}}],\"inLanguage\":\"de\"},{\"@type\":\"Organization\",\"@id\":\"https:\\\/\\\/mykonosports.gr\\\/en\\\/#organization\",\"name\":\"\u0394\u03b7\u03bc\u03bf\u03c4\u03b9\u03ba\u03cc \u039b\u03b9\u03bc\u03b5\u03bd\u03b9\u03ba\u03cc \u03a4\u03b1\u03bc\u03b5\u03af\u03bf \u039c\u03c5\u03ba\u03cc\u03bd\u03bf\u03c5\",\"url\":\"https:\\\/\\\/mykonosports.gr\\\/en\\\/\",\"logo\":{\"@type\":\"ImageObject\",\"inLanguage\":\"de\",\"@id\":\"https:\\\/\\\/mykonosports.gr\\\/en\\\/#\\\/schema\\\/logo\\\/image\\\/\",\"url\":\"https:\\\/\\\/mykonosports.gr\\\/wp-content\\\/uploads\\\/2020\\\/08\\\/logo-new-mykonosports.png\",\"contentUrl\":\"https:\\\/\\\/mykonosports.gr\\\/wp-content\\\/uploads\\\/2020\\\/08\\\/logo-new-mykonosports.png\",\"width\":1013,\"height\":980,\"caption\":\"\u0394\u03b7\u03bc\u03bf\u03c4\u03b9\u03ba\u03cc \u039b\u03b9\u03bc\u03b5\u03bd\u03b9\u03ba\u03cc \u03a4\u03b1\u03bc\u03b5\u03af\u03bf \u039c\u03c5\u03ba\u03cc\u03bd\u03bf\u03c5\"},\"image\":{\"@id\":\"https:\\\/\\\/mykonosports.gr\\\/en\\\/#\\\/schema\\\/logo\\\/image\\\/\"},\"sameAs\":[\"https:\\\/\\\/www.facebook.com\\\/mykonosports\",\"https:\\\/\\\/x.com\\\/mykonosports\"]}]}<\/script>\n<!-- \/ Yoast SEO plugin. -->","yoast_head_json":{"title":"Verantwortlichkeiten - \u0394\u03b7\u03bc\u03bf\u03c4\u03b9\u03ba\u03cc \u039b\u03b9\u03bc\u03b5\u03bd\u03b9\u03ba\u03cc \u03a4\u03b1\u03bc\u03b5\u03af\u03bf \u039c\u03c5\u03ba\u03cc\u03bd\u03bf\u03c5","robots":{"index":"index","follow":"follow","max-snippet":"max-snippet:-1","max-image-preview":"max-image-preview:large","max-video-preview":"max-video-preview:-1"},"canonical":"https:\/\/mykonosports.gr\/de\/functions\/","og_locale":"de_DE","og_type":"article","og_title":"Verantwortlichkeiten - \u0394\u03b7\u03bc\u03bf\u03c4\u03b9\u03ba\u03cc \u039b\u03b9\u03bc\u03b5\u03bd\u03b9\u03ba\u03cc \u03a4\u03b1\u03bc\u03b5\u03af\u03bf \u039c\u03c5\u03ba\u03cc\u03bd\u03bf\u03c5","og_description":"[vc_row][vc_column][vc_column_text] Der St\u00e4dtische Hafenfonds von Mykonos wurde 2003 gem\u00e4\u00df den folgenden Pr\u00e4sidialdekreten und Beschl\u00fcssen des Generalsekretariats der Region eingerichtet: Die P. D. 28\/2003 (Regierungsanzeiger A &#8217;34\/2003) &#8222;Abschaffung der Kykladen-Pr\u00e4fektur&#8220;. Der&hellip;","og_url":"https:\/\/mykonosports.gr\/de\/functions\/","og_site_name":"\u0394\u03b7\u03bc\u03bf\u03c4\u03b9\u03ba\u03cc \u039b\u03b9\u03bc\u03b5\u03bd\u03b9\u03ba\u03cc \u03a4\u03b1\u03bc\u03b5\u03af\u03bf \u039c\u03c5\u03ba\u03cc\u03bd\u03bf\u03c5","article_publisher":"https:\/\/www.facebook.com\/mykonosports","article_modified_time":"2021-09-09T04:10:14+00:00","og_image":[{"width":320,"height":320,"url":"https:\/\/mykonosports.gr\/wp-content\/uploads\/2023\/03\/Logo_MykonosPorts_2023.png","type":"image\/png"}],"twitter_card":"summary_large_image","twitter_site":"@mykonosports","twitter_misc":{"Gesch\u00e4tzte Lesezeit":"3\u00a0Minuten"},"schema":{"@context":"https:\/\/schema.org","@graph":[{"@type":"WebPage","@id":"https:\/\/mykonosports.gr\/de\/functions\/","url":"https:\/\/mykonosports.gr\/de\/functions\/","name":"Verantwortlichkeiten - \u0394\u03b7\u03bc\u03bf\u03c4\u03b9\u03ba\u03cc \u039b\u03b9\u03bc\u03b5\u03bd\u03b9\u03ba\u03cc \u03a4\u03b1\u03bc\u03b5\u03af\u03bf \u039c\u03c5\u03ba\u03cc\u03bd\u03bf\u03c5","isPartOf":{"@id":"https:\/\/mykonosports.gr\/en\/#website"},"datePublished":"2017-03-23T11:55:55+00:00","dateModified":"2021-09-09T04:10:14+00:00","breadcrumb":{"@id":"https:\/\/mykonosports.gr\/de\/functions\/#breadcrumb"},"inLanguage":"de","potentialAction":[{"@type":"ReadAction","target":["https:\/\/mykonosports.gr\/de\/functions\/"]}]},{"@type":"BreadcrumbList","@id":"https:\/\/mykonosports.gr\/de\/functions\/#breadcrumb","itemListElement":[{"@type":"ListItem","position":1,"name":"Home","item":"https:\/\/mykonosports.gr\/de\/"},{"@type":"ListItem","position":2,"name":"Verantwortlichkeiten"}]},{"@type":"WebSite","@id":"https:\/\/mykonosports.gr\/en\/#website","url":"https:\/\/mykonosports.gr\/en\/","name":"\u0394\u03b7\u03bc\u03bf\u03c4\u03b9\u03ba\u03cc \u039b\u03b9\u03bc\u03b5\u03bd\u03b9\u03ba\u03cc \u03a4\u03b1\u03bc\u03b5\u03af\u03bf \u039c\u03c5\u03ba\u03cc\u03bd\u03bf\u03c5","description":"","publisher":{"@id":"https:\/\/mykonosports.gr\/en\/#organization"},"potentialAction":[{"@type":"SearchAction","target":{"@type":"EntryPoint","urlTemplate":"https:\/\/mykonosports.gr\/en\/?s={search_term_string}"},"query-input":{"@type":"PropertyValueSpecification","valueRequired":true,"valueName":"search_term_string"}}],"inLanguage":"de"},{"@type":"Organization","@id":"https:\/\/mykonosports.gr\/en\/#organization","name":"\u0394\u03b7\u03bc\u03bf\u03c4\u03b9\u03ba\u03cc \u039b\u03b9\u03bc\u03b5\u03bd\u03b9\u03ba\u03cc \u03a4\u03b1\u03bc\u03b5\u03af\u03bf \u039c\u03c5\u03ba\u03cc\u03bd\u03bf\u03c5","url":"https:\/\/mykonosports.gr\/en\/","logo":{"@type":"ImageObject","inLanguage":"de","@id":"https:\/\/mykonosports.gr\/en\/#\/schema\/logo\/image\/","url":"https:\/\/mykonosports.gr\/wp-content\/uploads\/2020\/08\/logo-new-mykonosports.png","contentUrl":"https:\/\/mykonosports.gr\/wp-content\/uploads\/2020\/08\/logo-new-mykonosports.png","width":1013,"height":980,"caption":"\u0394\u03b7\u03bc\u03bf\u03c4\u03b9\u03ba\u03cc \u039b\u03b9\u03bc\u03b5\u03bd\u03b9\u03ba\u03cc \u03a4\u03b1\u03bc\u03b5\u03af\u03bf \u039c\u03c5\u03ba\u03cc\u03bd\u03bf\u03c5"},"image":{"@id":"https:\/\/mykonosports.gr\/en\/#\/schema\/logo\/image\/"},"sameAs":["https:\/\/www.facebook.com\/mykonosports","https:\/\/x.com\/mykonosports"]}]}},"_links":{"self":[{"href":"https:\/\/mykonosports.gr\/de\/wp-json\/wp\/v2\/pages\/158751","targetHints":{"allow":["GET"]}}],"collection":[{"href":"https:\/\/mykonosports.gr\/de\/wp-json\/wp\/v2\/pages"}],"about":[{"href":"https:\/\/mykonosports.gr\/de\/wp-json\/wp\/v2\/types\/page"}],"author":[{"embeddable":true,"href":"https:\/\/mykonosports.gr\/de\/wp-json\/wp\/v2\/users\/1"}],"replies":[{"embeddable":true,"href":"https:\/\/mykonosports.gr\/de\/wp-json\/wp\/v2\/comments?post=158751"}],"version-history":[{"count":2,"href":"https:\/\/mykonosports.gr\/de\/wp-json\/wp\/v2\/pages\/158751\/revisions"}],"predecessor-version":[{"id":158760,"href":"https:\/\/mykonosports.gr\/de\/wp-json\/wp\/v2\/pages\/158751\/revisions\/158760"}],"wp:attachment":[{"href":"https:\/\/mykonosports.gr\/de\/wp-json\/wp\/v2\/media?parent=158751"}],"curies":[{"name":"wp","href":"https:\/\/api.w.org\/{rel}","templated":true}]}}