{"id":157689,"date":"2015-12-15T17:33:03","date_gmt":"2015-12-15T15:33:03","guid":{"rendered":"https:\/\/mykonosports.gr\/?page_id=157689"},"modified":"2024-06-04T11:20:19","modified_gmt":"2024-06-04T08:20:19","slug":"heim","status":"publish","type":"page","link":"https:\/\/mykonosports.gr\/de\/","title":{"rendered":"Heim"},"content":{"rendered":"<div class=\"wpb-content-wrapper\"><p>[vc_row full_width=&#8220;stretch_row_content_no_spaces&#8220;][vc_column][rev_slider_vc alias=&#8220;video-hero1-fr-1&#8243;][\/vc_column][\/vc_row][vc_row][vc_column]<div class=\"lp-heading-new  text-center\"><h4>Ank\u00fcndigungen<\/h4><\/div>[vc_basic_grid post_type=&#8220;post&#8220; max_items=&#8220;4&#8243; element_width=&#8220;3&#8243; gap=&#8220;5&#8243; item=&#8220;75602&#8243; grid_id=&#8220;vc_gid:1717489198258-05da0f80-d06a-0&#8243; taxonomies=&#8220;55&#8243;][vc_empty_space][\/vc_column][\/vc_row][vc_row][vc_column][vc_cta h2=&#8220;Tourlos Marina Reservierungen NEUER HAFEN VON MYKONOS&#8220; h4=&#8220;ACHTUNG: Die Anwendung funktioniert NUR f\u00fcr den neuen Hafen von Mykonos und f\u00fcr Boote, die kleiner als 25 m sind&#8220; add_button=&#8220;right&#8220; btn_title=&#8220;Marina-Reservierungen&#8220; btn_color=&#8220;primary&#8220; btn_i_icon_fontawesome=&#8220;far fa-hand-point-right&#8220; btn_add_icon=&#8220;true&#8220; btn_link=&#8220;url:https%3A%2F%2Fbooking.mykonosports.gr%2F%3Flang%3Den|title:%CE%A0%CE%B1%CF%84%CE%AE%CF%83%CF%84%CE%B5%20%CE%B5%CE%B4%CF%8E|target:_blank&#8220;]<\/p>\n<h4>Anfragen zur Reservierung von Anlegepl\u00e4tzen im neuen Hafen von Mykonos werden NUR online eingereicht<\/h4>\n<h5>Online-Verfahren f\u00fcr Reservierungen in Mykonos Marina<\/h5>\n<h5>o\u00a0\u00a0\u00a0Schritt 1: Buchungsanfrage und Zusendung der Belege<br \/>\no\u00a0\u00a0\u00a0Schritt 2: \u00dcberpr\u00fcfung und Genehmigung des Dokuments. (Bei ung\u00fcltigen Belegen wird die Reservierung abgelehnt)<br \/>\no\u00a0\u00a0\u00a0Schritt 3: Zahlung der Reservierung bis 24 Stunden nach Genehmigung<br \/>\no\u00a0\u00a0 Schritt 4: Einchecken der Reservierung (Aktivierung 24 Stunden vor Ankunft)<\/h5>\n<div>\n<h5><\/h5>\n<h5>\u00b7\u00a0\u00a0\u00a0\u00a0\u00a0\u00a0\u00a0\u00a0Angegebene Schiffe m\u00fcssen von 12.00 Uhr bis Sonnenuntergang zum Anlegen fahren<br \/>\n\u00b7\u00a0\u00a0\u00a0\u00a0\u00a0\u00a0\u00a0 Der Kapit\u00e4n\/Skipper darf die Insel w\u00e4hrend des Anlegens nicht verlassen<br \/>\n\u00b7\u00a0\u00a0\u00a0\u00a0\u00a0\u00a0\u00a0\u00a0Liegeplatzanfragen werden nach Genehmigung und Anweisungen des Marina Managers telefonisch eingereicht<\/h5>\n<\/div>\n<p>ACHTUNG: Das Absenden dieses Formulars bedeutet nicht zwangsl\u00e4ufig, dass ich im Yachthafenbereich ankern kann. Die Annahme des Dienstes liegt im alleinigen Ermessen des Hafenfonds und h\u00e4ngt von der Verf\u00fcgbarkeit von Pl\u00e4tzen in der Marina ab[\/vc_cta][\/vc_column][\/vc_row][vc_row][vc_column][vc_cta h2=&#8220;Reservierungen f\u00fcr den ALTEN HAFEN VON MYKONOS&#8220; h4=&#8220;ACHTUNG: Das folgende Verfahren gilt f\u00fcr Boote \u00fcber 25 m und NUR f\u00fcr den ALTEN HAFEN&#8220; style=&#8220;3d&#8220; add_button=&#8220;right&#8220; btn_title=&#8220;6946942091&#8243; btn_color=&#8220;green&#8220; btn_i_icon_fontawesome=&#8220;fas fa-sms&#8220; add_icon=&#8220;left&#8220; i_icon_fontawesome=&#8220;fas fa-sms&#8220; btn_add_icon=&#8220;true&#8220; i_on_border=&#8220;true&#8220; btn_link=&#8220;url:tel%3A%2B306946942091||&#8220;]<\/p>\n<ul>\n<li>\n<h5>Indem Sie Ihren Liegeplatz in unserer Marina 24 Stunden vor Ihrer gew\u00fcnschten Ankunft per SMS anmelden, informieren Sie diese \u00fcber folgende Informationen: Ankunftsdatum, Abfahrtsdatum, den Motorboottyp, die Ma\u00dfe und den Tiefgang sowie die Herkunftsh\u00e4fen und Ziel<\/h5>\n<\/li>\n<\/ul>\n<ul>\n<li>\n<h5>Am Ende des Tages informiert Sie der Manager des Yachthafens per SMS dar\u00fcber, ob ein Platz verf\u00fcgbar ist oder nicht.<\/h5>\n<\/li>\n<\/ul>\n<h5><\/h5>\n<h5>ACHTUNG: Wenn Sie am Ende des Tages keine Antwort erhalten, sollten Sie versuchen, den Manager des Yachthafens erneut auf geeignete Weise zu kontaktieren, da dies bedeutet, dass Ihre Nachricht nicht angekommen ist.<\/h5>\n<h5><\/h5>\n<h4>Marina-Manager Nikolaos Rossolatos <a href=\"tel:+302289028790\">22890 28790<\/a>\u00a0&amp;\u00a0<a href=\"tel:+306946942091\">6946942091<\/a><\/h4>\n<p>[\/vc_cta][\/vc_column][\/vc_row][vc_row full_width=&#8220;stretch_row_content_no_spaces&#8220;][vc_column width=&#8220;1\/2&#8243;]<div class=\" icon-box\">\n\t\t\t\t <span class=\"tp-icon fa fa-video-camera\"><\/span>\n\t\t\t\t<div class=\"icon-content\"><h3 class=\"icon-title\"><a href=\"https:\/\/mykonosports.gr\/webcams\/\">Live-Webcams im neuen Hafen von Mykonos<\/a><\/h3><p>Sehen Sie in Echtzeit den Verkehr im neuen Hafen von Mykonos von den Live-Kameras des st\u00e4dtischen Hafenfonds von Mykonos<\/p>\n<\/div>\n\t\t\t<\/div>[\/vc_column][vc_column width=&#8220;1\/2&#8243;]<div class=\" icon-box\">\n\t\t\t\t <span class=\"tp-icon fa fa-sun-o\"><\/span>\n\t\t\t\t<div class=\"icon-content\"><h3 class=\"icon-title\"><a href=\"https:\/\/www.mykonosports.gr\/weather\/en\/\">Meteorologische Station Mykonos<\/a><\/h3><p>Informieren Sie sich \u00fcber das Wetter mit der drahtlosen Wetterstation des Municipal Port Fund of Mykonos<\/p>\n<\/div>\n\t\t\t<\/div>[\/vc_column][\/vc_row][vc_row enable_parallax=&#8220;yes&#8220; css=&#8220;.vc_custom_1678980539452{padding-top: 70px !important;padding-bottom: 100px !important;background-image: url(https:\/\/mykonosports.gr\/wp-content\/uploads\/2020\/09\/shutterstock_572383264-web.jpg?id=239703) !important;}&#8220;][vc_column][vc_column_text]<\/p>\n<div class=\"tp-provide\">\n<p>Willkommen,<\/p>\n<p>Der St\u00e4dtische Hafenfonds von Mykonos hei\u00dft Sie als Hafenverwaltung und -betreiber auf seiner offiziellen Website willkommen. Unser Ziel ist es, den Bewohnern der Insel Mykonos sowie allen unseren Besuchern Informationen zu Fragen im Zusammenhang mit den Hafenzonen, den Einrichtungen der beiden H\u00e4fen und der Bereitstellung unserer Dienstleistungen zur Verf\u00fcgung zu stellen.<\/p>\n<\/div>\n<p>[\/vc_column_text][\/vc_column][\/vc_row][vc_row css=&#8220;.vc_custom_1460344718483{padding-top: 70px !important;padding-bottom: 40px !important;}&#8220;][vc_column css=&#8220;.vc_custom_1460344729138{padding-bottom: 40px !important;}&#8220;][vc_row_inner css=&#8220;.vc_custom_1454398688333{padding-bottom: 73px !important;}&#8220;][vc_column_inner]<div class=\"lp-heading-toggle \">\n                <h4>H\u00c4UFIG GESTELLTE FRAGEN<\/h4>\n                <a class=\"link\" href=\"https:\/\/mykonosports.gr\/facilities\/de\/yachts\/\" target=\"_self\">Mehr<\/a>\n            <\/div>[\/vc_column_inner][\/vc_row_inner][vc_row_inner][vc_column_inner][vc_toggle title=&#8220;Was kostet die Wasser- und Stromversorgung der angedockten Landschiffe der DLTM?&#8220; open=&#8220;true&#8220; el_id=&#8220;1448671552995-d3d82bcd-1a5e&#8220;]Die Geb\u00fchr f\u00fcr Wasser betr\u00e4gt 15 \u20ac pro Kubikmeter und f\u00fcr Strom 1 \u20ac pro Kilowattstunde.<\/p>\n<p>Die verf\u00fcgbaren &#8222;F\u00fcllungen&#8220; von Wasser und Strom sind: 10 \u20ac, 20 \u20ac, 30 \u20ac, 50 \u20ac, 100 \u20ac, 200 \u20ac und 300 \u20ac.[\/vc_toggle][\/vc_column_inner][\/vc_row_inner][\/vc_column][\/vc_row][vc_row full_width=&#8220;stretch_row_content_no_spaces&#8220;][vc_column]<div class=\"tp-support clearfix \">\n                <div class=\"container\">\n                    <div class=\"row\">\n                        <div class=\"col-md-3 col-sm-3 col-xs-12 clearfix tp-support-title\">\n                             <div class=\"tp-support-icon fa fa-phone\"><\/div>\n                            <h2>HABEN SIE IRGENDWELCHE FRAGEN;<\/h2>\n                        <\/div>\n                        <div class=\"col-md-9 col-sm-9 col-xs-12 tp-support-content\">\n                            <span class=\"number\">Ruf an bei 22890-28933<\/span>\n                            <div class=\"tp-support-link\"><a  href=\"http:\/\/mykonosports.gr\/de\/contact\/\" target=\"_blank\">Kontakt Formular<\/a><\/div>\n                        <\/div>\n                     <\/div>\n                <\/div>\n            <\/div>[vc_empty_space height=&#8220;62px&#8220;][\/vc_column][\/vc_row][vc_row css=&#8220;.vc_custom_1460344677419{padding-top: 70px !important;padding-bottom: 40px !important;}&#8220;][vc_column css=&#8220;.vc_custom_1460344686130{padding-bottom: 40px !important;}&#8220;]<div class=\"lp-heading  text-center \">\n                <h4>N\u00fctzliche Links<\/h4>\n                <div class=\"border\"><\/div>\n            <\/div>[\/vc_column][\/vc_row][vc_row][vc_column][vc_cta h2=&#8220;Charta der Passagierrechte&#8220; h4=&#8220;Fahrgastfreund, informiere dich \u00fcber deine Rechte!&#8220; style=&#8220;3d&#8220; add_button=&#8220;right&#8220; btn_title=&#8220;Droits des passagers&#8220; btn_color=&#8220;green&#8220; btn_i_align=&#8220;right&#8220; btn_i_icon_fontawesome=&#8220;far fa-hand-point-up&#8220; add_icon=&#8220;left&#8220; i_icon_fontawesome=&#8220;fas fa-exclamation&#8220; btn_add_icon=&#8220;true&#8220; i_on_border=&#8220;true&#8220; btn_link=&#8220;url:https%3A%2F%2Fmykonosports.gr%2Fde%2Fxarta_dikaiomaton_epivaton%2F&#8220;]Reisen Sie auf einem Kreuzfahrtschiff und die Reiseroute hat Versp\u00e4tung?<\/p>\n<p>Wurde Ihre Reise storniert?<\/p>\n<p>Sie warten auf die Reise und das Schiff liegt nicht im Hafen?<\/p>\n<p>Sie haben Ihnen den Sitzplatz oder die Kabine, auf die Sie Anspruch hatten, nicht gegeben?<\/p>\n<p>M\u00f6chten Sie Ihr Ticket stornieren?<\/p>\n<p>Wie werden Sie entsch\u00e4digt und wohin sollten Sie gehen?<\/p>\n<p>Sind Sie ein Mensch mit besonderen Bed\u00fcrfnissen?[\/vc_cta][\/vc_column][\/vc_row][vc_row][vc_column width=&#8220;1\/4&#8243;][vc_single_image image=&#8220;228561&#8243; img_size=&#8220;full&#8220; onclick=&#8220;custom_link&#8220; img_link_target=&#8220;_blank&#8220; link=&#8220;https:\/\/posec.eu\/&#8220;][\/vc_column][vc_column width=&#8220;1\/4&#8243;][vc_single_image image=&#8220;4636&#8243; img_size=&#8220;full&#8220; alignment=&#8220;center&#8220; onclick=&#8220;custom_link&#8220; img_link_target=&#8220;_blank&#8220; link=&#8220;\/\/www.greekcruise.gr\/&#8220;][\/vc_column][vc_column width=&#8220;1\/4&#8243;][vc_single_image image=&#8220;4625&#8243; img_size=&#8220;full&#8220; alignment=&#8220;center&#8220; onclick=&#8220;custom_link&#8220; img_link_target=&#8220;_blank&#8220; link=&#8220;http:\/\/www.eprocurement.gov.gr\/kimds2\/unprotected\/searchRequests.htm?execution=e1s1&#8243;][vc_single_image image=&#8220;4623&#8243; img_size=&#8220;full&#8220; alignment=&#8220;center&#8220; onclick=&#8220;custom_link&#8220; img_link_target=&#8220;_blank&#8220; link=&#8220;\/\/diavgeia.gov.gr\/f\/dltmykonou&#8220;][\/vc_column][vc_column width=&#8220;1\/4&#8243;][vc_single_image image=&#8220;4631&#8243; img_size=&#8220;full&#8220; alignment=&#8220;center&#8220; onclick=&#8220;custom_link&#8220; img_link_target=&#8220;_blank&#8220; link=&#8220;\/\/www.elime.gr\/&#8220;][\/vc_column][\/vc_row]<\/p>\n<\/div>","protected":false},"excerpt":{"rendered":"<p>[vc_row full_width=&#8220;stretch_row_content_no_spaces&#8220;][vc_column][rev_slider_vc alias=&#8220;video-hero1-fr-1&#8243;][\/vc_column][\/vc_row][vc_row][vc_column][vc_basic_grid post_type=&#8220;post&#8220; max_items=&#8220;4&#8243; element_width=&#8220;3&#8243; gap=&#8220;5&#8243; item=&#8220;75602&#8243; grid_id=&#8220;vc_gid:1717489198258-05da0f80-d06a-0&#8243; taxonomies=&#8220;55&#8243;][vc_empty_space][\/vc_column][\/vc_row][vc_row][vc_column][vc_cta h2=&#8220;Tourlos Marina Reservierungen NEUER HAFEN VON MYKONOS&#8220; h4=&#8220;ACHTUNG: Die Anwendung funktioniert NUR f\u00fcr den neuen Hafen von Mykonos und f\u00fcr&hellip;<\/p>\n","protected":false},"author":1,"featured_media":0,"parent":0,"menu_order":0,"comment_status":"closed","ping_status":"closed","template":"template-homepage.php","meta":{"footnotes":""},"class_list":["post-157689","page","type-page","status-publish","hentry"],"yoast_head":"<!-- This site is optimized with the Yoast SEO plugin v27.3 - https:\/\/yoast.com\/product\/yoast-seo-wordpress\/ -->\n<title>Heim - \u0394\u03b7\u03bc\u03bf\u03c4\u03b9\u03ba\u03cc \u039b\u03b9\u03bc\u03b5\u03bd\u03b9\u03ba\u03cc \u03a4\u03b1\u03bc\u03b5\u03af\u03bf \u039c\u03c5\u03ba\u03cc\u03bd\u03bf\u03c5<\/title>\n<meta name=\"robots\" content=\"index, follow, max-snippet:-1, max-image-preview:large, max-video-preview:-1\" \/>\n<link rel=\"canonical\" href=\"https:\/\/mykonosports.gr\/de\/\" \/>\n<meta property=\"og:locale\" content=\"de_DE\" \/>\n<meta property=\"og:type\" content=\"article\" \/>\n<meta property=\"og:title\" content=\"Heim - \u0394\u03b7\u03bc\u03bf\u03c4\u03b9\u03ba\u03cc \u039b\u03b9\u03bc\u03b5\u03bd\u03b9\u03ba\u03cc \u03a4\u03b1\u03bc\u03b5\u03af\u03bf \u039c\u03c5\u03ba\u03cc\u03bd\u03bf\u03c5\" \/>\n<meta property=\"og:description\" content=\"[vc_row full_width=&#8220;stretch_row_content_no_spaces&#8220;][vc_column][rev_slider_vc alias=&#8220;video-hero1-fr-1&#8243;][\/vc_column][\/vc_row][vc_row][vc_column][vc_basic_grid post_type=&#8220;post&#8220; max_items=&#8220;4&#8243; element_width=&#8220;3&#8243; gap=&#8220;5&#8243; item=&#8220;75602&#8243; grid_id=&#8220;vc_gid:1717489198258-05da0f80-d06a-0&#8243; taxonomies=&#8220;55&#8243;][vc_empty_space][\/vc_column][\/vc_row][vc_row][vc_column][vc_cta h2=&#8220;Tourlos Marina Reservierungen NEUER HAFEN VON MYKONOS&#8220; h4=&#8220;ACHTUNG: Die Anwendung funktioniert NUR f\u00fcr den neuen Hafen von Mykonos und f\u00fcr&hellip;\" \/>\n<meta property=\"og:url\" content=\"https:\/\/mykonosports.gr\/de\/\" \/>\n<meta property=\"og:site_name\" content=\"\u0394\u03b7\u03bc\u03bf\u03c4\u03b9\u03ba\u03cc \u039b\u03b9\u03bc\u03b5\u03bd\u03b9\u03ba\u03cc \u03a4\u03b1\u03bc\u03b5\u03af\u03bf \u039c\u03c5\u03ba\u03cc\u03bd\u03bf\u03c5\" \/>\n<meta property=\"article:publisher\" content=\"https:\/\/www.facebook.com\/mykonosports\" \/>\n<meta property=\"article:modified_time\" content=\"2024-06-04T08:20:19+00:00\" \/>\n<meta property=\"og:image\" content=\"https:\/\/mykonosports.gr\/wp-content\/uploads\/2023\/03\/Logo_MykonosPorts_2023.png\" \/>\n\t<meta property=\"og:image:width\" content=\"320\" \/>\n\t<meta property=\"og:image:height\" content=\"320\" \/>\n\t<meta property=\"og:image:type\" content=\"image\/png\" \/>\n<meta name=\"twitter:card\" content=\"summary_large_image\" \/>\n<meta name=\"twitter:site\" content=\"@mykonosports\" \/>\n<meta name=\"twitter:label1\" content=\"Gesch\u00e4tzte Lesezeit\" \/>\n\t<meta name=\"twitter:data1\" content=\"4\u00a0Minuten\" \/>\n<script type=\"application\/ld+json\" class=\"yoast-schema-graph\">{\"@context\":\"https:\\\/\\\/schema.org\",\"@graph\":[{\"@type\":\"WebPage\",\"@id\":\"https:\\\/\\\/mykonosports.gr\\\/de\\\/\",\"url\":\"https:\\\/\\\/mykonosports.gr\\\/de\\\/\",\"name\":\"Heim - \u0394\u03b7\u03bc\u03bf\u03c4\u03b9\u03ba\u03cc \u039b\u03b9\u03bc\u03b5\u03bd\u03b9\u03ba\u03cc \u03a4\u03b1\u03bc\u03b5\u03af\u03bf \u039c\u03c5\u03ba\u03cc\u03bd\u03bf\u03c5\",\"isPartOf\":{\"@id\":\"https:\\\/\\\/mykonosports.gr\\\/#website\"},\"datePublished\":\"2015-12-15T15:33:03+00:00\",\"dateModified\":\"2024-06-04T08:20:19+00:00\",\"breadcrumb\":{\"@id\":\"https:\\\/\\\/mykonosports.gr\\\/de\\\/#breadcrumb\"},\"inLanguage\":\"de\",\"potentialAction\":[{\"@type\":\"ReadAction\",\"target\":[\"https:\\\/\\\/mykonosports.gr\\\/de\\\/\"]}]},{\"@type\":\"BreadcrumbList\",\"@id\":\"https:\\\/\\\/mykonosports.gr\\\/de\\\/#breadcrumb\",\"itemListElement\":[{\"@type\":\"ListItem\",\"position\":1,\"name\":\"Home\",\"item\":\"https:\\\/\\\/mykonosports.gr\\\/de\\\/\"},{\"@type\":\"ListItem\",\"position\":2,\"name\":\"Heim\"}]},{\"@type\":\"WebSite\",\"@id\":\"https:\\\/\\\/mykonosports.gr\\\/#website\",\"url\":\"https:\\\/\\\/mykonosports.gr\\\/\",\"name\":\"\u0394\u03b7\u03bc\u03bf\u03c4\u03b9\u03ba\u03cc \u039b\u03b9\u03bc\u03b5\u03bd\u03b9\u03ba\u03cc \u03a4\u03b1\u03bc\u03b5\u03af\u03bf \u039c\u03c5\u03ba\u03cc\u03bd\u03bf\u03c5\",\"description\":\"\",\"publisher\":{\"@id\":\"https:\\\/\\\/mykonosports.gr\\\/#organization\"},\"potentialAction\":[{\"@type\":\"SearchAction\",\"target\":{\"@type\":\"EntryPoint\",\"urlTemplate\":\"https:\\\/\\\/mykonosports.gr\\\/?s={search_term_string}\"},\"query-input\":{\"@type\":\"PropertyValueSpecification\",\"valueRequired\":true,\"valueName\":\"search_term_string\"}}],\"inLanguage\":\"de\"},{\"@type\":\"Organization\",\"@id\":\"https:\\\/\\\/mykonosports.gr\\\/#organization\",\"name\":\"\u0394\u03b7\u03bc\u03bf\u03c4\u03b9\u03ba\u03cc \u039b\u03b9\u03bc\u03b5\u03bd\u03b9\u03ba\u03cc \u03a4\u03b1\u03bc\u03b5\u03af\u03bf \u039c\u03c5\u03ba\u03cc\u03bd\u03bf\u03c5\",\"url\":\"https:\\\/\\\/mykonosports.gr\\\/\",\"logo\":{\"@type\":\"ImageObject\",\"inLanguage\":\"de\",\"@id\":\"https:\\\/\\\/mykonosports.gr\\\/#\\\/schema\\\/logo\\\/image\\\/\",\"url\":\"https:\\\/\\\/mykonosports.gr\\\/wp-content\\\/uploads\\\/2020\\\/08\\\/logo-new-mykonosports.png\",\"contentUrl\":\"https:\\\/\\\/mykonosports.gr\\\/wp-content\\\/uploads\\\/2020\\\/08\\\/logo-new-mykonosports.png\",\"width\":1013,\"height\":980,\"caption\":\"\u0394\u03b7\u03bc\u03bf\u03c4\u03b9\u03ba\u03cc \u039b\u03b9\u03bc\u03b5\u03bd\u03b9\u03ba\u03cc \u03a4\u03b1\u03bc\u03b5\u03af\u03bf \u039c\u03c5\u03ba\u03cc\u03bd\u03bf\u03c5\"},\"image\":{\"@id\":\"https:\\\/\\\/mykonosports.gr\\\/#\\\/schema\\\/logo\\\/image\\\/\"},\"sameAs\":[\"https:\\\/\\\/www.facebook.com\\\/mykonosports\",\"https:\\\/\\\/x.com\\\/mykonosports\"]}]}<\/script>\n<!-- \/ Yoast SEO plugin. -->","yoast_head_json":{"title":"Heim - \u0394\u03b7\u03bc\u03bf\u03c4\u03b9\u03ba\u03cc \u039b\u03b9\u03bc\u03b5\u03bd\u03b9\u03ba\u03cc \u03a4\u03b1\u03bc\u03b5\u03af\u03bf \u039c\u03c5\u03ba\u03cc\u03bd\u03bf\u03c5","robots":{"index":"index","follow":"follow","max-snippet":"max-snippet:-1","max-image-preview":"max-image-preview:large","max-video-preview":"max-video-preview:-1"},"canonical":"https:\/\/mykonosports.gr\/de\/","og_locale":"de_DE","og_type":"article","og_title":"Heim - \u0394\u03b7\u03bc\u03bf\u03c4\u03b9\u03ba\u03cc \u039b\u03b9\u03bc\u03b5\u03bd\u03b9\u03ba\u03cc \u03a4\u03b1\u03bc\u03b5\u03af\u03bf \u039c\u03c5\u03ba\u03cc\u03bd\u03bf\u03c5","og_description":"[vc_row full_width=&#8220;stretch_row_content_no_spaces&#8220;][vc_column][rev_slider_vc alias=&#8220;video-hero1-fr-1&#8243;][\/vc_column][\/vc_row][vc_row][vc_column][vc_basic_grid post_type=&#8220;post&#8220; max_items=&#8220;4&#8243; element_width=&#8220;3&#8243; gap=&#8220;5&#8243; item=&#8220;75602&#8243; grid_id=&#8220;vc_gid:1717489198258-05da0f80-d06a-0&#8243; taxonomies=&#8220;55&#8243;][vc_empty_space][\/vc_column][\/vc_row][vc_row][vc_column][vc_cta h2=&#8220;Tourlos Marina Reservierungen NEUER HAFEN VON MYKONOS&#8220; h4=&#8220;ACHTUNG: Die Anwendung funktioniert NUR f\u00fcr den neuen Hafen von Mykonos und f\u00fcr&hellip;","og_url":"https:\/\/mykonosports.gr\/de\/","og_site_name":"\u0394\u03b7\u03bc\u03bf\u03c4\u03b9\u03ba\u03cc \u039b\u03b9\u03bc\u03b5\u03bd\u03b9\u03ba\u03cc \u03a4\u03b1\u03bc\u03b5\u03af\u03bf \u039c\u03c5\u03ba\u03cc\u03bd\u03bf\u03c5","article_publisher":"https:\/\/www.facebook.com\/mykonosports","article_modified_time":"2024-06-04T08:20:19+00:00","og_image":[{"width":320,"height":320,"url":"https:\/\/mykonosports.gr\/wp-content\/uploads\/2023\/03\/Logo_MykonosPorts_2023.png","type":"image\/png"}],"twitter_card":"summary_large_image","twitter_site":"@mykonosports","twitter_misc":{"Gesch\u00e4tzte Lesezeit":"4\u00a0Minuten"},"schema":{"@context":"https:\/\/schema.org","@graph":[{"@type":"WebPage","@id":"https:\/\/mykonosports.gr\/de\/","url":"https:\/\/mykonosports.gr\/de\/","name":"Heim - \u0394\u03b7\u03bc\u03bf\u03c4\u03b9\u03ba\u03cc \u039b\u03b9\u03bc\u03b5\u03bd\u03b9\u03ba\u03cc \u03a4\u03b1\u03bc\u03b5\u03af\u03bf \u039c\u03c5\u03ba\u03cc\u03bd\u03bf\u03c5","isPartOf":{"@id":"https:\/\/mykonosports.gr\/#website"},"datePublished":"2015-12-15T15:33:03+00:00","dateModified":"2024-06-04T08:20:19+00:00","breadcrumb":{"@id":"https:\/\/mykonosports.gr\/de\/#breadcrumb"},"inLanguage":"de","potentialAction":[{"@type":"ReadAction","target":["https:\/\/mykonosports.gr\/de\/"]}]},{"@type":"BreadcrumbList","@id":"https:\/\/mykonosports.gr\/de\/#breadcrumb","itemListElement":[{"@type":"ListItem","position":1,"name":"Home","item":"https:\/\/mykonosports.gr\/de\/"},{"@type":"ListItem","position":2,"name":"Heim"}]},{"@type":"WebSite","@id":"https:\/\/mykonosports.gr\/#website","url":"https:\/\/mykonosports.gr\/","name":"\u0394\u03b7\u03bc\u03bf\u03c4\u03b9\u03ba\u03cc \u039b\u03b9\u03bc\u03b5\u03bd\u03b9\u03ba\u03cc \u03a4\u03b1\u03bc\u03b5\u03af\u03bf \u039c\u03c5\u03ba\u03cc\u03bd\u03bf\u03c5","description":"","publisher":{"@id":"https:\/\/mykonosports.gr\/#organization"},"potentialAction":[{"@type":"SearchAction","target":{"@type":"EntryPoint","urlTemplate":"https:\/\/mykonosports.gr\/?s={search_term_string}"},"query-input":{"@type":"PropertyValueSpecification","valueRequired":true,"valueName":"search_term_string"}}],"inLanguage":"de"},{"@type":"Organization","@id":"https:\/\/mykonosports.gr\/#organization","name":"\u0394\u03b7\u03bc\u03bf\u03c4\u03b9\u03ba\u03cc \u039b\u03b9\u03bc\u03b5\u03bd\u03b9\u03ba\u03cc \u03a4\u03b1\u03bc\u03b5\u03af\u03bf \u039c\u03c5\u03ba\u03cc\u03bd\u03bf\u03c5","url":"https:\/\/mykonosports.gr\/","logo":{"@type":"ImageObject","inLanguage":"de","@id":"https:\/\/mykonosports.gr\/#\/schema\/logo\/image\/","url":"https:\/\/mykonosports.gr\/wp-content\/uploads\/2020\/08\/logo-new-mykonosports.png","contentUrl":"https:\/\/mykonosports.gr\/wp-content\/uploads\/2020\/08\/logo-new-mykonosports.png","width":1013,"height":980,"caption":"\u0394\u03b7\u03bc\u03bf\u03c4\u03b9\u03ba\u03cc \u039b\u03b9\u03bc\u03b5\u03bd\u03b9\u03ba\u03cc \u03a4\u03b1\u03bc\u03b5\u03af\u03bf \u039c\u03c5\u03ba\u03cc\u03bd\u03bf\u03c5"},"image":{"@id":"https:\/\/mykonosports.gr\/#\/schema\/logo\/image\/"},"sameAs":["https:\/\/www.facebook.com\/mykonosports","https:\/\/x.com\/mykonosports"]}]}},"_links":{"self":[{"href":"https:\/\/mykonosports.gr\/de\/wp-json\/wp\/v2\/pages\/157689","targetHints":{"allow":["GET"]}}],"collection":[{"href":"https:\/\/mykonosports.gr\/de\/wp-json\/wp\/v2\/pages"}],"about":[{"href":"https:\/\/mykonosports.gr\/de\/wp-json\/wp\/v2\/types\/page"}],"author":[{"embeddable":true,"href":"https:\/\/mykonosports.gr\/de\/wp-json\/wp\/v2\/users\/1"}],"replies":[{"embeddable":true,"href":"https:\/\/mykonosports.gr\/de\/wp-json\/wp\/v2\/comments?post=157689"}],"version-history":[{"count":14,"href":"https:\/\/mykonosports.gr\/de\/wp-json\/wp\/v2\/pages\/157689\/revisions"}],"predecessor-version":[{"id":379350,"href":"https:\/\/mykonosports.gr\/de\/wp-json\/wp\/v2\/pages\/157689\/revisions\/379350"}],"wp:attachment":[{"href":"https:\/\/mykonosports.gr\/de\/wp-json\/wp\/v2\/media?parent=157689"}],"curies":[{"name":"wp","href":"https:\/\/api.w.org\/{rel}","templated":true}]}}